{"id":17365,"date":"2021-04-24T11:01:28","date_gmt":"2021-04-24T09:01:28","guid":{"rendered":"https:\/\/www.varriale.com\/de\/?page_id=17365"},"modified":"2022-08-05T12:09:55","modified_gmt":"2022-08-05T10:09:55","slug":"ersatzteile-fur-aixam-roadline-mpi-bz-lombardini","status":"publish","type":"page","link":"https:\/\/www.varriale.com\/de\/minicars-ersatzteile\/ersatzteile-fur-aixam-roadline-mpi-bz-lombardini\/","title":{"rendered":"Ersatzteile f\u00fcr Aixam Roadline MPI BZ Lombardini"},"content":{"rendered":"<p>[vc_row][vc_column width=&#8221;2\/3&#8243;][vc_column_text]<\/p>\n<h4>Ersatzteile f\u00fcr Citycar, Minicar, Fuhrpark, Kleinwagen<\/h4>\n<p>F\u00fcr alle mit Lombardini-Motoren ausgestatteten Mini-Autos bieten wir: komplette Motoren, alle mechanischen Ersatzteile, Antriebsriemen, elastische St\u00fctzen, Tablettenbremsen, Sto\u00dfd\u00e4mpfer, K\u00fchler, Lichter, komplette Dimmer usw.[\/vc_column_text][vc_empty_space height=&#8221;10px&#8221;]<div id=\"modal-trg-txt-wrap-1913\" class=\"ult-modal-input-wrapper ult-adjust-bottom-margin    \" data-keypress-control=\"keypress-control-enable\" data-overlay-control=\"overlay-control-enable\"><style>\n\t\t\t\t\t.btn-modal.btn-id-69f26ef34056c1-17801096:hover {\n\t\t\t\t\t\tbackground-color: #f7b738 !important;\n\t\t\t\t\t}\n\t\t\t\t\t<\/style><button  data-ultimate-target='#modal-trg-txt-wrap-1913 .btn-modal'  data-responsive-json-new='{\"font-size\":\"\",\"line-height\":\"\"}'  style=\"background:#f7a600;border-color:#f7a600;color:#ffffff; font-family:&#039;Fira Sans&#039;;font-weight:500;\" data-class-id=\"content-69f26ef34056c1-17801096\" class=\"btn-modal ult-responsive btn-primary btn-modal-md overlay-show ult-align-left btn-id-69f26ef34056c1-17801096\" data-overlay-class=\"overlay-zoomin\">Angebot anfordern<\/button><\/div>\n<div class=\"ult-overlay content-69f26ef34056c1-17801096 \" data-class=\"content-69f26ef34056c1-17801096\" id=\"button-click-overlay\" style=\"background:rgba(51,51,51,0.8); display:none;\">\n\t<div class=\"ult_modal ult-fade ult-small\">\n\t\t<div id=\"ult-modal-wrap-8948\" class=\"ult_modal-content ult-hide\" style=\"border-style:solid;border-width:2px;border-radius:0px;border-color:#333333;\">\n\t\t\t<div class=\"ult_modal-header\" style=\"background:#f7a600;color:#ffffff;border-color:#333333;\">\n\t\t\t\t<div class=\"modal-icon\"><i class=\"icomoon-the7-font-the7-mail-01\"><\/i><\/div><h3  data-ultimate-target='#ult-modal-wrap-8948 .ult_modal-title'  data-responsive-json-new='{\"font-size\":\"\",\"line-height\":\"\"}'  class=\"ult_modal-title ult-responsive\">Fordern Sie ein kostenloses Angebot an<\/h3>\n\t\t\t<\/div>\n\t\t\t<div  data-ultimate-target='#ult-modal-wrap-8948 .ult_modal-body'  data-responsive-json-new='{\"font-size\":\"\",\"line-height\":\"\"}'  class=\"ult_modal-body ult-responsive ult-html\" style=\"\">\n\t\t\t<div role=\"form\" class=\"wpcf7\" id=\"wpcf7-f15381-o1\" lang=\"it-IT\" dir=\"ltr\">\n<div class=\"screen-reader-response\"><p role=\"status\" aria-live=\"polite\" aria-atomic=\"true\"><\/p> <ul><\/ul><\/div>\n<form action=\"\/de\/wp-json\/wp\/v2\/pages\/17365#wpcf7-f15381-o1\" method=\"post\" class=\"wpcf7-form init\" novalidate=\"novalidate\" data-status=\"init\">\n<div style=\"display: none;\">\n<input type=\"hidden\" name=\"_wpcf7\" value=\"15381\" \/>\n<input type=\"hidden\" name=\"_wpcf7_version\" value=\"5.3.2\" \/>\n<input type=\"hidden\" name=\"_wpcf7_locale\" value=\"it_IT\" \/>\n<input type=\"hidden\" name=\"_wpcf7_unit_tag\" value=\"wpcf7-f15381-o1\" \/>\n<input type=\"hidden\" name=\"_wpcf7_container_post\" value=\"0\" \/>\n<input type=\"hidden\" name=\"_wpcf7_posted_data_hash\" value=\"\" \/>\n<input type=\"hidden\" name=\"_wpcf7_recaptcha_response\" value=\"\" \/>\n<\/div>\n<div class=\"vc_row wpb_row vc_row-fluid\">\n<div class=\"wpb_column vc_column_container vc_col-sm-6\">\n<div class=\"vc_column-inner\">\n<div class=\"wpb_wrapper\">\n<p><span class=\"wpcf7-form-control-wrap azienda\"><input type=\"text\" name=\"azienda\" value=\"\" size=\"40\" class=\"wpcf7-form-control wpcf7-text wpcf7-validates-as-required\" aria-required=\"true\" aria-invalid=\"false\" placeholder=\"Company*\" \/><\/span><\/p>\n<\/div>\n<\/div>\n<\/div>\n<div class=\"wpb_column vc_column_container vc_col-sm-6\">\n<div class=\"vc_column-inner\">\n<div class=\"wpb_wrapper\">\n<p><span class=\"wpcf7-form-control-wrap nome\"><input type=\"text\" name=\"nome\" value=\"\" size=\"40\" class=\"wpcf7-form-control wpcf7-text wpcf7-validates-as-required\" aria-required=\"true\" aria-invalid=\"false\" placeholder=\"Name*\" \/><\/span><\/p>\n<\/div>\n<\/div>\n<\/div>\n<\/div>\n<div class=\"vc_row wpb_row vc_row-fluid\">\n<div class=\"wpb_column vc_column_container vc_col-sm-6\">\n<div class=\"vc_column-inner\">\n<div class=\"wpb_wrapper\">\n<p><span class=\"wpcf7-form-control-wrap citta\"><input type=\"text\" name=\"citta\" value=\"\" size=\"40\" class=\"wpcf7-form-control wpcf7-text wpcf7-validates-as-required\" aria-required=\"true\" aria-invalid=\"false\" placeholder=\"City*\" \/><\/span><\/p>\n<\/div>\n<\/div>\n<\/div>\n<div class=\"wpb_column vc_column_container vc_col-sm-6\">\n<div class=\"vc_column-inner\">\n<div class=\"wpb_wrapper\">\n<p><span class=\"wpcf7-form-control-wrap nazione\"><input type=\"text\" name=\"nazione\" value=\"\" size=\"40\" class=\"wpcf7-form-control wpcf7-text wpcf7-validates-as-required\" aria-required=\"true\" aria-invalid=\"false\" placeholder=\"Country*\" \/><\/span><\/p>\n<\/div>\n<\/div>\n<\/div>\n<\/div>\n<div class=\"vc_row wpb_row vc_row-fluid\">\n<div class=\"wpb_column vc_column_container vc_col-sm-6\">\n<div class=\"vc_column-inner\">\n<div class=\"wpb_wrapper\">\n<p><span class=\"wpcf7-form-control-wrap your-email\"><input type=\"email\" name=\"your-email\" value=\"\" size=\"40\" class=\"wpcf7-form-control wpcf7-text wpcf7-email wpcf7-validates-as-required wpcf7-validates-as-email\" aria-required=\"true\" aria-invalid=\"false\" placeholder=\"E-mail*\" \/><\/span><\/p>\n<\/div>\n<\/div>\n<\/div>\n<div class=\"wpb_column vc_column_container vc_col-sm-6\">\n<div class=\"vc_column-inner\">\n<div class=\"wpb_wrapper\">\n<p><span class=\"wpcf7-form-control-wrap telefono\"><input type=\"tel\" name=\"telefono\" value=\"\" size=\"40\" class=\"wpcf7-form-control wpcf7-text wpcf7-tel wpcf7-validates-as-required wpcf7-validates-as-tel\" aria-required=\"true\" aria-invalid=\"false\" placeholder=\"Telephone*\" \/><\/span><\/p>\n<\/div>\n<\/div>\n<\/div>\n<\/div>\n<div class=\"vc_row wpb_row vc_row-fluid\">\n<div class=\"wpb_column vc_column_container vc_col-sm-12\">\n<div class=\"vc_column-inner\">\n<div class=\"wpb_wrapper\">\n<p><span class=\"wpcf7-form-control-wrap your-message\"><textarea name=\"your-message\" cols=\"40\" rows=\"8\" class=\"wpcf7-form-control wpcf7-textarea wpcf7-validates-as-required\" aria-required=\"true\" aria-invalid=\"false\" placeholder=\"Your message*\"><\/textarea><\/span><\/p>\n<\/div>\n<\/div>\n<\/div>\n<\/div>\n<p><input type=\"submit\" value=\"Send request\" class=\"wpcf7-form-control wpcf7-submit\" \/><\/p>\n<div style=\"font-size:13px\">This site is protected by reCAPTCHA, <a href=\"https:\/\/policies.google.com\/privacy\" target=\"_blank\">Privacy Policy<\/a> e <a href=\"https:\/\/policies.google.com\/terms\" target=\"_blank\">Terms of Service<\/a> by Google.<\/div>\n<div class=\"wpcf7-response-output\" aria-hidden=\"true\"><\/div><\/form><\/div>\n\t\t\t<\/div>\n\t<\/div>\n\t<\/div>\n\t<div class=\"ult-overlay-close top-right\" style=\"width:80px;height:80px; \"><div class=\"ult-overlay-close-inside\">Close<\/div><\/div>\n<\/div>[vc_empty_space height=&#8221;20px&#8221;][\/vc_column][vc_column width=&#8221;1\/3&#8243;][vc_single_image image=&#8221;17237&#8243; img_size=&#8221;full&#8221; alignment=&#8221;center&#8221;][vc_empty_space height=&#8221;20px&#8221;][\/vc_column][\/vc_row][vc_row][vc_column][vc_empty_space height=&#8221;20px&#8221;][vc_column_text]<\/p>\n<table class=\"dcf-table dcf-table-responsive dcf-table-bordered dcf-table-striped dcf-w-100%\">\n<tbody>\n<tr>\n<td>G\u00fcrtel f\u00fcr Aixam Roadline MPI BZ Lombardini<\/td>\n<\/tr>\n<tr>\n<td>Varioriemen f\u00fcr Aixam Roadline MPI BZ Lombardini<\/td>\n<\/tr>\n<tr>\n<td>Zahnriemen f\u00fcr Aixam Roadline MPI BZ Lombardini<\/td>\n<\/tr>\n<tr>\n<td>G\u00fcrtel f\u00fcr citycar Aixam Roadline MPI BZ Lombardini<\/td>\n<\/tr>\n<tr>\n<td>Aufh\u00e4ngungen f\u00fcr minicar Aixam Roadline MPI BZ Lombardini<\/td>\n<\/tr>\n<tr>\n<td>Sto\u00dfd\u00e4mpfer f\u00fcr Aixam Roadline MPI BZ Lombardini<\/td>\n<\/tr>\n<tr>\n<td>Original Ersatzteile Lombardini f\u00fcr Aixam Roadline MPI BZ Lombardini<\/td>\n<\/tr>\n<tr>\n<td>Carbon Kitmassen f\u00fcr Aixam Roadline MPI BZ Lombardini<\/td>\n<\/tr>\n<tr>\n<td>Motorseitige Umlenkrollen f\u00fcr Aixam Roadline MPI BZ Lombardini<\/td>\n<\/tr>\n<tr>\n<td>Ersatzteile f\u00fcr Motoren Citycar Aixam Roadline MPI BZ Lombardini<\/td>\n<\/tr>\n<tr>\n<td>Thermostatventil f\u00fcr Aixam Roadline MPI BZ Lombardini<\/td>\n<\/tr>\n<tr>\n<td>Zylinderkopfdichtung f\u00fcr Aixam Roadline MPI BZ Lombardini<\/td>\n<\/tr>\n<tr>\n<td>Motordichtsatz f\u00fcr Aixam Roadline MPI BZ Lombardini<\/td>\n<\/tr>\n<tr>\n<td>Heizk\u00f6rper f\u00fcr Aixam Roadline MPI BZ Lombardini<\/td>\n<\/tr>\n<tr>\n<td>Komplette Variatoren f\u00fcr Aixam Roadline MPI BZ Lombardini<\/td>\n<\/tr>\n<tr>\n<td>Pads-Kit mit Gewichten f\u00fcr Aixam Roadline MPI BZ Lombardini<\/td>\n<\/tr>\n<tr>\n<td>Z\u00fcndkerzen vorw\u00e4rmen f\u00fcr Aixam Roadline MPI BZ Lombardini<\/td>\n<\/tr>\n<tr>\n<td>Sauggebl\u00e4se f\u00fcr Aixam Roadline MPI BZ Lombardini<\/td>\n<\/tr>\n<tr>\n<td>KFZ Schaltrollen f\u00fcr Aixam Roadline MPI BZ Lombardini<\/td>\n<\/tr>\n<tr>\n<td>Bremssystem f\u00fcr Vierr\u00e4der Aixam Roadline MPI BZ Lombardini<\/td>\n<\/tr>\n<tr>\n<td>Vorderradbremse f\u00fcr Aixam Roadline MPI BZ Lombardini<\/td>\n<\/tr>\n<tr>\n<td>Bremsen hinten f\u00fcr Aixam Roadline MPI BZ Lombardini<\/td>\n<\/tr>\n<tr>\n<td>Bremssystem-Kit f\u00fcr Aixam Roadline MPI BZ Lombardini<\/td>\n<\/tr>\n<tr>\n<td>Klimaanlagen-Elektropumpen f\u00fcr Aixam Roadline MPI BZ Lombardini<\/td>\n<\/tr>\n<tr>\n<td>Autoverschiebung f\u00fcr Aixam Roadline MPI BZ Lombardini<\/td>\n<\/tr>\n<tr>\n<td>Autoschaltung f\u00fcr Lichtautos Aixam Roadline MPI BZ Lombardini<\/td>\n<\/tr>\n<tr>\n<td>Elastische St\u00fctzen f\u00fcr Aixam Roadline MPI BZ Lombardini<\/td>\n<\/tr>\n<tr>\n<td>Drehzahlregler f\u00fcr Aixam Roadline MPI BZ Lombardini<\/td>\n<\/tr>\n<tr>\n<td>Antivibrationsst\u00fctzen f\u00fcr Aixam Roadline MPI BZ Lombardini<\/td>\n<\/tr>\n<tr>\n<td>Scheinwerfer f\u00fcr Aixam Roadline MPI BZ Lombardini<\/td>\n<\/tr>\n<tr>\n<td>Filterpatronen f\u00fcr Dieselmotoren Aixam Roadline MPI BZ Lombardini<\/td>\n<\/tr>\n<tr>\n<td>Motorluftfilterpatronen f\u00fcr Aixam Roadline MPI BZ Lombardini<\/td>\n<\/tr>\n<tr>\n<td>Differentialgetriebe f\u00fcr Aixam Roadline MPI BZ Lombardini<\/td>\n<\/tr>\n<\/tbody>\n<\/table>\n<p>[\/vc_column_text][\/vc_column][\/vc_row][vc_row full_width=&#8221;stretch_row&#8221; css=&#8221;.vc_custom_1614966188898{margin-top: 60px !important;margin-bottom: -65px !important;padding-top: 45px !important;padding-bottom: 20px !important;background-color: #f6f6f6 !important;}&#8221;][vc_column width=&#8221;1\/3&#8243;]<div class=\"aio-icon-component  vc_custom_1614966070363  accent-icon-bg style_1\"><div id=\"Info-box-wrap-6183\" class=\"aio-icon-box left-icon\" style=\"\"  ><div class=\"aio-icon-left\"><div class=\"ult-just-icon-wrapper  \"><div class=\"align-icon\" style=\"text-align:center;\">\n<div class=\"aio-icon advanced \"  style=\"color:#ffffff;background:#ffffff;border-style:;border-color:#333333;border-width:1px;width:40px;height:40px;line-height:40px;border-radius:500px;font-size:20px;display:inline-block;\">\n\t<i class=\"fas fa-award\"><\/i>\n<\/div><\/div><\/div><\/div><div class=\"aio-ibd-block\"><div class=\"aio-icon-header\" ><h3 class=\"aio-icon-title ult-responsive\"  data-ultimate-target='#Info-box-wrap-6183 .aio-icon-title'  data-responsive-json-new='{\"font-size\":\"desktop:16px;\",\"line-height\":\"desktop:26px;\"}'  style=\"font-weight:bold;\">Vertrauensw\u00fcrdige Marken<\/h3><\/div> <!-- header --><div class=\"aio-icon-description ult-responsive\"  data-ultimate-target='#Info-box-wrap-6183 .aio-icon-description'  data-responsive-json-new='{\"font-size\":\"\",\"line-height\":\"\"}'  style=\"\">Wir garantieren maximale Qualit\u00e4t und Effizienz mit Produkten f\u00fchrender Marken der Branche.<\/div> <!-- description --><\/div> <!-- aio-ibd-block --><\/div> <!-- aio-icon-box --><\/div> <!-- aio-icon-component -->[vc_empty_space height=&#8221;5px&#8221;][\/vc_column][vc_column width=&#8221;1\/3&#8243;]<div class=\"aio-icon-component  vc_custom_1613146344105  accent-icon-bg style_1\"><div id=\"Info-box-wrap-8919\" class=\"aio-icon-box left-icon\" style=\"\"  ><div class=\"aio-icon-left\"><div class=\"ult-just-icon-wrapper  \"><div class=\"align-icon\" style=\"text-align:center;\">\n<div class=\"aio-icon advanced \"  style=\"color:#ffffff;background:#ffffff;border-style:;border-color:#333333;border-width:1px;width:40px;height:40px;line-height:40px;border-radius:500px;font-size:20px;display:inline-block;\">\n\t<i class=\"icomoon-font-awesome-14x14-star\"><\/i>\n<\/div><\/div><\/div><\/div><div class=\"aio-ibd-block\"><div class=\"aio-icon-header\" ><h3 class=\"aio-icon-title ult-responsive\"  data-ultimate-target='#Info-box-wrap-8919 .aio-icon-title'  data-responsive-json-new='{\"font-size\":\"desktop:16px;\",\"line-height\":\"desktop:26px;\"}'  style=\"font-weight:bold;\">Breite Palette von Produkten<\/h3><\/div> <!-- header --><div class=\"aio-icon-description ult-responsive\"  data-ultimate-target='#Info-box-wrap-8919 .aio-icon-description'  data-responsive-json-new='{\"font-size\":\"\",\"line-height\":\"\"}'  style=\"\">Unseren Kunden steht eine breite Palette von Produkten in h\u00f6chster Qualit\u00e4t zur Verf\u00fcgung.<\/div> <!-- description --><\/div> <!-- aio-ibd-block --><\/div> <!-- aio-icon-box --><\/div> <!-- aio-icon-component -->[vc_empty_space height=&#8221;5px&#8221;][\/vc_column][vc_column width=&#8221;1\/3&#8243;]<div class=\"aio-icon-component  vc_custom_1614965793066  accent-icon-bg style_1\"><div id=\"Info-box-wrap-2449\" class=\"aio-icon-box left-icon\" style=\"\"  ><div class=\"aio-icon-left\"><div class=\"ult-just-icon-wrapper  \"><div class=\"align-icon\" style=\"text-align:center;\">\n<div class=\"aio-icon advanced \"  style=\"color:#ffffff;background:#ffffff;border-style:;border-color:#333333;border-width:1px;width:40px;height:40px;line-height:40px;border-radius:500px;font-size:20px;display:inline-block;\">\n\t<i class=\"icomoon-font-awesome-14x14-thumbs-o-up\"><\/i>\n<\/div><\/div><\/div><\/div><div class=\"aio-ibd-block\"><div class=\"aio-icon-header\" ><h3 class=\"aio-icon-title ult-responsive\"  data-ultimate-target='#Info-box-wrap-2449 .aio-icon-title'  data-responsive-json-new='{\"font-size\":\"desktop:16px;\",\"line-height\":\"desktop:26px;\"}'  style=\"font-weight:bold;\">Technischer Support<\/h3><\/div> <!-- header --><div class=\"aio-icon-description ult-responsive\"  data-ultimate-target='#Info-box-wrap-2449 .aio-icon-description'  data-responsive-json-new='{\"font-size\":\"\",\"line-height\":\"\"}'  style=\"\">Kontaktieren Sie uns bei Bedarf und Sie werden sofort von unserem Fachpersonal unterst\u00fctzt.<\/div> <!-- description --><\/div> <!-- aio-ibd-block --><\/div> <!-- aio-icon-box --><\/div> <!-- aio-icon-component -->[vc_empty_space height=&#8221;5px&#8221;][\/vc_column][\/vc_row]<\/p>\n","protected":false},"excerpt":{"rendered":"<p>[vc_row][vc_column width=&#8221;2\/3&#8243;][vc_column_text] Ersatzteile f\u00fcr Citycar, Minicar, Fuhrpark, Kleinwagen F\u00fcr alle mit Lombardini-Motoren ausgestatteten Mini-Autos bieten wir: komplette Motoren, alle mechanischen Ersatzteile, Antriebsriemen, elastische St\u00fctzen, Tablettenbremsen, Sto\u00dfd\u00e4mpfer, K\u00fchler, Lichter, komplette Dimmer usw.[\/vc_column_text][vc_empty_space height=&#8221;10px&#8221;][vc_empty_space height=&#8221;20px&#8221;][\/vc_column][vc_column width=&#8221;1\/3&#8243;][vc_single_image image=&#8221;17237&#8243; img_size=&#8221;full&#8221; alignment=&#8221;center&#8221;][vc_empty_space height=&#8221;20px&#8221;][\/vc_column][\/vc_row][vc_row][vc_column][vc_empty_space height=&#8221;20px&#8221;][vc_column_text] G\u00fcrtel f\u00fcr Aixam Roadline MPI BZ Lombardini Varioriemen f\u00fcr Aixam Roadline MPI BZ Lombardini Zahnriemen f\u00fcr&hellip;<\/p>\n","protected":false},"author":1,"featured_media":0,"parent":17236,"menu_order":0,"comment_status":"closed","ping_status":"closed","template":"","meta":[],"yoast_head":"<!-- This site is optimized with the Yoast SEO plugin v15.8 - https:\/\/yoast.com\/wordpress\/plugins\/seo\/ -->\n<title>lombardini Aixam Roadline MPI BZ Ersatzteile, Aixam Roadline MPI BZ Motor Ersatzteile, Aixam Roadline MPI BZ zu verkaufen, Aixam Roadline MPI BZ Ersatzteillieferant, lombardini Aixam Roadline MPI BZ Ersatzteile Preis<\/title>\n<meta name=\"description\" content=\"lombardini Aixam Roadline MPI BZ Ersatzteile, Aixam Roadline MPI BZ Motor Ersatzteile, Aixam Roadline MPI BZ zu verkaufen, Aixam Roadline MPI BZ Ersatzteillieferant, lombardini Aixam Roadline MPI BZ Ersatzteile Preis\" \/>\n<meta name=\"robots\" content=\"index, follow, max-snippet:-1, max-image-preview:large, max-video-preview:-1\" \/>\n<link rel=\"canonical\" href=\"https:\/\/www.varriale.com\/de\/minicars-ersatzteile\/ersatzteile-fur-aixam-roadline-mpi-bz-lombardini\/\" \/>\n<meta property=\"og:locale\" content=\"en_US\" \/>\n<meta property=\"og:type\" content=\"article\" \/>\n<meta property=\"og:title\" content=\"lombardini Aixam Roadline MPI BZ Ersatzteile, Aixam Roadline MPI BZ Motor Ersatzteile, Aixam Roadline MPI BZ zu verkaufen, Aixam Roadline MPI BZ Ersatzteillieferant, lombardini Aixam Roadline MPI BZ Ersatzteile Preis\" \/>\n<meta property=\"og:description\" content=\"lombardini Aixam Roadline MPI BZ Ersatzteile, Aixam Roadline MPI BZ Motor Ersatzteile, Aixam Roadline MPI BZ zu verkaufen, Aixam Roadline MPI BZ Ersatzteillieferant, lombardini Aixam Roadline MPI BZ Ersatzteile Preis\" \/>\n<meta property=\"og:url\" content=\"https:\/\/www.varriale.com\/de\/minicars-ersatzteile\/ersatzteile-fur-aixam-roadline-mpi-bz-lombardini\/\" \/>\n<meta property=\"og:site_name\" content=\"Varriale\" \/>\n<meta property=\"article:modified_time\" content=\"2022-08-05T10:09:55+00:00\" \/>\n<meta name=\"twitter:card\" content=\"summary_large_image\" \/>\n<meta name=\"twitter:label1\" content=\"Est. reading time\">\n\t<meta name=\"twitter:data1\" content=\"3 minutes\">\n<script type=\"application\/ld+json\" class=\"yoast-schema-graph\">{\"@context\":\"https:\/\/schema.org\",\"@graph\":[{\"@type\":\"WebSite\",\"@id\":\"https:\/\/www.varriale.com\/de\/#website\",\"url\":\"https:\/\/www.varriale.com\/de\/\",\"name\":\"Varriale\",\"description\":\"Motoren und Ersatzteile\",\"potentialAction\":[{\"@type\":\"SearchAction\",\"target\":\"https:\/\/www.varriale.com\/de\/?s={search_term_string}\",\"query-input\":\"required name=search_term_string\"}],\"inLanguage\":\"en-US\"},{\"@type\":\"WebPage\",\"@id\":\"https:\/\/www.varriale.com\/de\/minicars-ersatzteile\/ersatzteile-fur-aixam-roadline-mpi-bz-lombardini\/#webpage\",\"url\":\"https:\/\/www.varriale.com\/de\/minicars-ersatzteile\/ersatzteile-fur-aixam-roadline-mpi-bz-lombardini\/\",\"name\":\"lombardini Aixam Roadline MPI BZ Ersatzteile, Aixam Roadline MPI BZ Motor Ersatzteile, Aixam Roadline MPI BZ zu verkaufen, Aixam Roadline MPI BZ Ersatzteillieferant, lombardini Aixam Roadline MPI BZ Ersatzteile Preis\",\"isPartOf\":{\"@id\":\"https:\/\/www.varriale.com\/de\/#website\"},\"datePublished\":\"2021-04-24T09:01:28+00:00\",\"dateModified\":\"2022-08-05T10:09:55+00:00\",\"description\":\"lombardini Aixam Roadline MPI BZ Ersatzteile, Aixam Roadline MPI BZ Motor Ersatzteile, Aixam Roadline MPI BZ zu verkaufen, Aixam Roadline MPI BZ Ersatzteillieferant, lombardini Aixam Roadline MPI BZ Ersatzteile Preis\",\"breadcrumb\":{\"@id\":\"https:\/\/www.varriale.com\/de\/minicars-ersatzteile\/ersatzteile-fur-aixam-roadline-mpi-bz-lombardini\/#breadcrumb\"},\"inLanguage\":\"en-US\",\"potentialAction\":[{\"@type\":\"ReadAction\",\"target\":[\"https:\/\/www.varriale.com\/de\/minicars-ersatzteile\/ersatzteile-fur-aixam-roadline-mpi-bz-lombardini\/\"]}]},{\"@type\":\"BreadcrumbList\",\"@id\":\"https:\/\/www.varriale.com\/de\/minicars-ersatzteile\/ersatzteile-fur-aixam-roadline-mpi-bz-lombardini\/#breadcrumb\",\"itemListElement\":[{\"@type\":\"ListItem\",\"position\":1,\"item\":{\"@type\":\"WebPage\",\"@id\":\"https:\/\/www.varriale.com\/de\/\",\"url\":\"https:\/\/www.varriale.com\/de\/\",\"name\":\"Startseite\"}},{\"@type\":\"ListItem\",\"position\":2,\"item\":{\"@type\":\"WebPage\",\"@id\":\"https:\/\/www.varriale.com\/de\/minicars-ersatzteile\/\",\"url\":\"https:\/\/www.varriale.com\/de\/minicars-ersatzteile\/\",\"name\":\"Minicars Ersatzteile\"}},{\"@type\":\"ListItem\",\"position\":3,\"item\":{\"@type\":\"WebPage\",\"@id\":\"https:\/\/www.varriale.com\/de\/minicars-ersatzteile\/ersatzteile-fur-aixam-roadline-mpi-bz-lombardini\/\",\"url\":\"https:\/\/www.varriale.com\/de\/minicars-ersatzteile\/ersatzteile-fur-aixam-roadline-mpi-bz-lombardini\/\",\"name\":\"Ersatzteile f\\u00fcr Aixam Roadline MPI BZ Lombardini\"}}]}]}<\/script>\n<!-- \/ Yoast SEO plugin. -->","_links":{"self":[{"href":"https:\/\/www.varriale.com\/de\/wp-json\/wp\/v2\/pages\/17365"}],"collection":[{"href":"https:\/\/www.varriale.com\/de\/wp-json\/wp\/v2\/pages"}],"about":[{"href":"https:\/\/www.varriale.com\/de\/wp-json\/wp\/v2\/types\/page"}],"author":[{"embeddable":true,"href":"https:\/\/www.varriale.com\/de\/wp-json\/wp\/v2\/users\/1"}],"replies":[{"embeddable":true,"href":"https:\/\/www.varriale.com\/de\/wp-json\/wp\/v2\/comments?post=17365"}],"version-history":[{"count":0,"href":"https:\/\/www.varriale.com\/de\/wp-json\/wp\/v2\/pages\/17365\/revisions"}],"up":[{"embeddable":true,"href":"https:\/\/www.varriale.com\/de\/wp-json\/wp\/v2\/pages\/17236"}],"wp:attachment":[{"href":"https:\/\/www.varriale.com\/de\/wp-json\/wp\/v2\/media?parent=17365"}],"curies":[{"name":"wp","href":"https:\/\/api.w.org\/{rel}","templated":true}]}}