{"id":17775,"date":"2021-06-10T11:24:24","date_gmt":"2021-06-10T09:24:24","guid":{"rendered":"https:\/\/www.varriale.com\/de\/?page_id=17775"},"modified":"2022-08-05T12:29:20","modified_gmt":"2022-08-05T10:29:20","slug":"stromaggregate","status":"publish","type":"page","link":"https:\/\/www.varriale.com\/de\/stromaggregate\/","title":{"rendered":"Stromaggregate"},"content":{"rendered":"<p>[vc_row][vc_column width=&#8221;1\/2&#8243;][vc_single_image image=&#8221;16049&#8243; img_size=&#8221;300&#215;150&#8243; alignment=&#8221;center&#8221; onclick=&#8221;custom_link&#8221; link=&#8221;https:\/\/www.varriale.com\/de\/lombardini-marine-motoren\/lombardini-stromaggregate\/&#8221;][vc_empty_space height=&#8221;20px&#8221;][vc_column_text]<\/p>\n<h4>Lombardini Stromaggregate<\/h4>\n<p>Lombardini Marine bietet eine gro\u00dfe Auswahl an leisen, kompakten und robusten Stromgeneratoren, die mit Schiffsdieselmotoren ausgestattet sind (LMG 4000\/6000 mit Motoren der LD-Serie und LMG 9000\/14000\/18000 mit Motoren der FOCS-Serie).[\/vc_column_text][vc_empty_space height=&#8221;20px&#8221;][vc_column_text]<style type=\"text\/css\" data-type=\"the7_shortcodes-inline-css\">#default-btn-09cd6ef086c1537b6b66922947f124e9.ico-right-side > i {\n  margin-right: 0px;\n  margin-left: 8px;\n}\n#default-btn-09cd6ef086c1537b6b66922947f124e9 > i {\n  margin-right: 8px;\n}\n#default-btn-09cd6ef086c1537b6b66922947f124e9 * {\n  vertical-align: middle;\n}\n<\/style><a href=\"https:\/\/www.varriale.com\/de\/lombardini-marine-motoren\/lombardini-stromaggregate\/\" class=\"default-btn-shortcode dt-btn dt-btn-s link-hover-off btn-inline-left \" id=\"default-btn-09cd6ef086c1537b6b66922947f124e9\"><span>Zeige Details<\/span><\/a>[\/vc_column_text][vc_empty_space height=&#8221;30px&#8221;][\/vc_column][vc_column width=&#8221;1\/2&#8243;][vc_single_image image=&#8221;17767&#8243; img_size=&#8221;300&#215;150&#8243; alignment=&#8221;center&#8221; onclick=&#8221;custom_link&#8221; link=&#8221;https:\/\/www.varriale.com\/de\/kohler-sdmo-stromaggregate\/&#8221;][vc_empty_space height=&#8221;20px&#8221;][vc_column_text]<\/p>\n<h4>Kohler SDMO Stromaggregate<\/h4>\n<p>Kohler SDMO-Stromaggregate wurden f\u00fcr industrielle Anwender entwickelt und decken ein breites Anwendungsspektrum ab und bieten eine gro\u00dfe Auswahl an Optionen und Nachr\u00fcstungen, um die Anforderungen aller Konfigurationen vollst\u00e4ndig zu erf\u00fcllen.[\/vc_column_text][vc_empty_space height=&#8221;20px&#8221;][vc_column_text]<style type=\"text\/css\" data-type=\"the7_shortcodes-inline-css\">#default-btn-752c60fe3e1e78226c9a78405a4bb701.ico-right-side > i {\n  margin-right: 0px;\n  margin-left: 8px;\n}\n#default-btn-752c60fe3e1e78226c9a78405a4bb701 > i {\n  margin-right: 8px;\n}\n#default-btn-752c60fe3e1e78226c9a78405a4bb701 * {\n  vertical-align: middle;\n}\n<\/style><a href=\"https:\/\/www.varriale.com\/de\/kohler-sdmo-stromaggregate\/\" class=\"default-btn-shortcode dt-btn dt-btn-s link-hover-off btn-inline-left \" id=\"default-btn-752c60fe3e1e78226c9a78405a4bb701\"><span>Zeige Details<\/span><\/a>[\/vc_column_text][vc_empty_space height=&#8221;30px&#8221;][\/vc_column][\/vc_row][vc_row full_width=&#8221;stretch_row&#8221; css=&#8221;.vc_custom_1614966188898{margin-top: 60px !important;margin-bottom: -65px !important;padding-top: 45px !important;padding-bottom: 20px !important;background-color: #f6f6f6 !important;}&#8221;][vc_column width=&#8221;1\/3&#8243;]<div class=\"aio-icon-component  vc_custom_1614966070363  accent-icon-bg style_1\"><div id=\"Info-box-wrap-5303\" class=\"aio-icon-box left-icon\" style=\"\"  ><div class=\"aio-icon-left\"><div class=\"ult-just-icon-wrapper  \"><div class=\"align-icon\" style=\"text-align:center;\">\n<div class=\"aio-icon advanced \"  style=\"color:#ffffff;background:#ffffff;border-style:;border-color:#333333;border-width:1px;width:40px;height:40px;line-height:40px;border-radius:500px;font-size:20px;display:inline-block;\">\n\t<i class=\"fas fa-award\"><\/i>\n<\/div><\/div><\/div><\/div><div class=\"aio-ibd-block\"><div class=\"aio-icon-header\" ><h3 class=\"aio-icon-title ult-responsive\"  data-ultimate-target='#Info-box-wrap-5303 .aio-icon-title'  data-responsive-json-new='{\"font-size\":\"desktop:16px;\",\"line-height\":\"desktop:26px;\"}'  style=\"font-weight:bold;\">Vertrauensw\u00fcrdige Marken<\/h3><\/div> <!-- header --><div class=\"aio-icon-description ult-responsive\"  data-ultimate-target='#Info-box-wrap-5303 .aio-icon-description'  data-responsive-json-new='{\"font-size\":\"\",\"line-height\":\"\"}'  style=\"\">Wir garantieren maximale Qualit\u00e4t und Effizienz mit Produkten f\u00fchrender Marken der Branche.<\/div> <!-- description --><\/div> <!-- aio-ibd-block --><\/div> <!-- aio-icon-box --><\/div> <!-- aio-icon-component -->[vc_empty_space height=&#8221;5px&#8221;][\/vc_column][vc_column width=&#8221;1\/3&#8243;]<div class=\"aio-icon-component  vc_custom_1613146344105  accent-icon-bg style_1\"><div id=\"Info-box-wrap-4739\" class=\"aio-icon-box left-icon\" style=\"\"  ><div class=\"aio-icon-left\"><div class=\"ult-just-icon-wrapper  \"><div class=\"align-icon\" style=\"text-align:center;\">\n<div class=\"aio-icon advanced \"  style=\"color:#ffffff;background:#ffffff;border-style:;border-color:#333333;border-width:1px;width:40px;height:40px;line-height:40px;border-radius:500px;font-size:20px;display:inline-block;\">\n\t<i class=\"icomoon-font-awesome-14x14-star\"><\/i>\n<\/div><\/div><\/div><\/div><div class=\"aio-ibd-block\"><div class=\"aio-icon-header\" ><h3 class=\"aio-icon-title ult-responsive\"  data-ultimate-target='#Info-box-wrap-4739 .aio-icon-title'  data-responsive-json-new='{\"font-size\":\"desktop:16px;\",\"line-height\":\"desktop:26px;\"}'  style=\"font-weight:bold;\">Breite Palette von Produkten<\/h3><\/div> <!-- header --><div class=\"aio-icon-description ult-responsive\"  data-ultimate-target='#Info-box-wrap-4739 .aio-icon-description'  data-responsive-json-new='{\"font-size\":\"\",\"line-height\":\"\"}'  style=\"\">Unseren Kunden steht eine breite Palette von Produkten in h\u00f6chster Qualit\u00e4t zur Verf\u00fcgung.<\/div> <!-- description --><\/div> <!-- aio-ibd-block --><\/div> <!-- aio-icon-box --><\/div> <!-- aio-icon-component -->[vc_empty_space height=&#8221;5px&#8221;][\/vc_column][vc_column width=&#8221;1\/3&#8243;]<div class=\"aio-icon-component  vc_custom_1614965793066  accent-icon-bg style_1\"><div id=\"Info-box-wrap-8656\" class=\"aio-icon-box left-icon\" style=\"\"  ><div class=\"aio-icon-left\"><div class=\"ult-just-icon-wrapper  \"><div class=\"align-icon\" style=\"text-align:center;\">\n<div class=\"aio-icon advanced \"  style=\"color:#ffffff;background:#ffffff;border-style:;border-color:#333333;border-width:1px;width:40px;height:40px;line-height:40px;border-radius:500px;font-size:20px;display:inline-block;\">\n\t<i class=\"icomoon-font-awesome-14x14-thumbs-o-up\"><\/i>\n<\/div><\/div><\/div><\/div><div class=\"aio-ibd-block\"><div class=\"aio-icon-header\" ><h3 class=\"aio-icon-title ult-responsive\"  data-ultimate-target='#Info-box-wrap-8656 .aio-icon-title'  data-responsive-json-new='{\"font-size\":\"desktop:16px;\",\"line-height\":\"desktop:26px;\"}'  style=\"font-weight:bold;\">Technischer Support<\/h3><\/div> <!-- header --><div class=\"aio-icon-description ult-responsive\"  data-ultimate-target='#Info-box-wrap-8656 .aio-icon-description'  data-responsive-json-new='{\"font-size\":\"\",\"line-height\":\"\"}'  style=\"\">Kontaktieren Sie uns bei Bedarf und Sie werden sofort von unserem Fachpersonal unterst\u00fctzt.<\/div> <!-- description --><\/div> <!-- aio-ibd-block --><\/div> <!-- aio-icon-box --><\/div> <!-- aio-icon-component -->[vc_empty_space height=&#8221;5px&#8221;][\/vc_column][\/vc_row]<\/p>\n","protected":false},"excerpt":{"rendered":"<p>[vc_row][vc_column width=&#8221;1\/2&#8243;][vc_single_image image=&#8221;16049&#8243; img_size=&#8221;300&#215;150&#8243; alignment=&#8221;center&#8221; onclick=&#8221;custom_link&#8221; link=&#8221;https:\/\/www.varriale.com\/de\/lombardini-marine-motoren\/lombardini-stromaggregate\/&#8221;][vc_empty_space height=&#8221;20px&#8221;][vc_column_text] Lombardini Stromaggregate Lombardini Marine bietet eine gro\u00dfe Auswahl an leisen, kompakten und robusten Stromgeneratoren, die mit Schiffsdieselmotoren ausgestattet sind (LMG 4000\/6000 mit Motoren der LD-Serie und LMG 9000\/14000\/18000 mit Motoren der FOCS-Serie).[\/vc_column_text][vc_empty_space height=&#8221;20px&#8221;][vc_column_text][\/vc_column_text][vc_empty_space height=&#8221;30px&#8221;][\/vc_column][vc_column width=&#8221;1\/2&#8243;][vc_single_image image=&#8221;17767&#8243; img_size=&#8221;300&#215;150&#8243; alignment=&#8221;center&#8221; onclick=&#8221;custom_link&#8221; link=&#8221;https:\/\/www.varriale.com\/de\/kohler-sdmo-stromaggregate\/&#8221;][vc_empty_space height=&#8221;20px&#8221;][vc_column_text] Kohler SDMO Stromaggregate Kohler SDMO-Stromaggregate wurden&hellip;<\/p>\n","protected":false},"author":1,"featured_media":0,"parent":0,"menu_order":0,"comment_status":"closed","ping_status":"closed","template":"","meta":[],"yoast_head":"<!-- This site is optimized with the Yoast SEO plugin v15.8 - https:\/\/yoast.com\/wordpress\/plugins\/seo\/ -->\n<title>lombardini stromaggregate , lombardini stromaggregate ersatzteile, lombardini generatoren zu verkaufen, kohler generatoren lieferanten, kohler sdmo stromaggregate preis<\/title>\n<meta name=\"description\" content=\"lombardini stromaggregate , lombardini stromaggregate ersatzteile, lombardini generatoren zu verkaufen, kohler generatoren lieferanten, kohler sdmo stromaggregate preis\" \/>\n<meta name=\"robots\" content=\"index, follow, max-snippet:-1, max-image-preview:large, max-video-preview:-1\" \/>\n<link rel=\"canonical\" href=\"https:\/\/www.varriale.com\/de\/stromaggregate\/\" \/>\n<meta property=\"og:locale\" content=\"en_US\" \/>\n<meta property=\"og:type\" content=\"article\" \/>\n<meta property=\"og:title\" content=\"lombardini stromaggregate , lombardini stromaggregate ersatzteile, lombardini generatoren zu verkaufen, kohler generatoren lieferanten, kohler sdmo stromaggregate preis\" \/>\n<meta property=\"og:description\" content=\"lombardini stromaggregate , lombardini stromaggregate ersatzteile, lombardini generatoren zu verkaufen, kohler generatoren lieferanten, kohler sdmo stromaggregate preis\" \/>\n<meta property=\"og:url\" content=\"https:\/\/www.varriale.com\/de\/stromaggregate\/\" \/>\n<meta property=\"og:site_name\" content=\"Varriale\" \/>\n<meta property=\"article:modified_time\" content=\"2022-08-05T10:29:20+00:00\" \/>\n<meta name=\"twitter:card\" content=\"summary_large_image\" \/>\n<meta name=\"twitter:label1\" content=\"Est. reading time\">\n\t<meta name=\"twitter:data1\" content=\"1 minute\">\n<script type=\"application\/ld+json\" class=\"yoast-schema-graph\">{\"@context\":\"https:\/\/schema.org\",\"@graph\":[{\"@type\":\"WebSite\",\"@id\":\"https:\/\/www.varriale.com\/de\/#website\",\"url\":\"https:\/\/www.varriale.com\/de\/\",\"name\":\"Varriale\",\"description\":\"Motoren und Ersatzteile\",\"potentialAction\":[{\"@type\":\"SearchAction\",\"target\":\"https:\/\/www.varriale.com\/de\/?s={search_term_string}\",\"query-input\":\"required name=search_term_string\"}],\"inLanguage\":\"en-US\"},{\"@type\":\"WebPage\",\"@id\":\"https:\/\/www.varriale.com\/de\/stromaggregate\/#webpage\",\"url\":\"https:\/\/www.varriale.com\/de\/stromaggregate\/\",\"name\":\"lombardini stromaggregate , lombardini stromaggregate ersatzteile, lombardini generatoren zu verkaufen, kohler generatoren lieferanten, kohler sdmo stromaggregate preis\",\"isPartOf\":{\"@id\":\"https:\/\/www.varriale.com\/de\/#website\"},\"datePublished\":\"2021-06-10T09:24:24+00:00\",\"dateModified\":\"2022-08-05T10:29:20+00:00\",\"description\":\"lombardini stromaggregate , lombardini stromaggregate ersatzteile, lombardini generatoren zu verkaufen, kohler generatoren lieferanten, kohler sdmo stromaggregate preis\",\"breadcrumb\":{\"@id\":\"https:\/\/www.varriale.com\/de\/stromaggregate\/#breadcrumb\"},\"inLanguage\":\"en-US\",\"potentialAction\":[{\"@type\":\"ReadAction\",\"target\":[\"https:\/\/www.varriale.com\/de\/stromaggregate\/\"]}]},{\"@type\":\"BreadcrumbList\",\"@id\":\"https:\/\/www.varriale.com\/de\/stromaggregate\/#breadcrumb\",\"itemListElement\":[{\"@type\":\"ListItem\",\"position\":1,\"item\":{\"@type\":\"WebPage\",\"@id\":\"https:\/\/www.varriale.com\/de\/\",\"url\":\"https:\/\/www.varriale.com\/de\/\",\"name\":\"Startseite\"}},{\"@type\":\"ListItem\",\"position\":2,\"item\":{\"@type\":\"WebPage\",\"@id\":\"https:\/\/www.varriale.com\/de\/stromaggregate\/\",\"url\":\"https:\/\/www.varriale.com\/de\/stromaggregate\/\",\"name\":\"Stromaggregate\"}}]}]}<\/script>\n<!-- \/ Yoast SEO plugin. -->","_links":{"self":[{"href":"https:\/\/www.varriale.com\/de\/wp-json\/wp\/v2\/pages\/17775"}],"collection":[{"href":"https:\/\/www.varriale.com\/de\/wp-json\/wp\/v2\/pages"}],"about":[{"href":"https:\/\/www.varriale.com\/de\/wp-json\/wp\/v2\/types\/page"}],"author":[{"embeddable":true,"href":"https:\/\/www.varriale.com\/de\/wp-json\/wp\/v2\/users\/1"}],"replies":[{"embeddable":true,"href":"https:\/\/www.varriale.com\/de\/wp-json\/wp\/v2\/comments?post=17775"}],"version-history":[{"count":0,"href":"https:\/\/www.varriale.com\/de\/wp-json\/wp\/v2\/pages\/17775\/revisions"}],"wp:attachment":[{"href":"https:\/\/www.varriale.com\/de\/wp-json\/wp\/v2\/media?parent=17775"}],"curies":[{"name":"wp","href":"https:\/\/api.w.org\/{rel}","templated":true}]}}