{"id":16965,"date":"2021-04-22T11:28:50","date_gmt":"2021-04-22T09:28:50","guid":{"rendered":"https:\/\/www.varriale.com\/es\/?page_id=16965"},"modified":"2022-07-25T17:21:23","modified_gmt":"2022-07-25T15:21:23","slug":"recambios-lombardini-7ld","status":"publish","type":"page","link":"https:\/\/www.varriale.com\/es\/recambios-lombardini\/recambios-lombardini-7ld\/","title":{"rendered":"Recambios Lombardini 7ld"},"content":{"rendered":"<p>[vc_row][vc_column width=\u00bb2\/3&#8243;][vc_column_text]<\/p>\n<h4>Se encuentra disponible una amplia gama de recambios Lombardini 7ld<\/h4>\n<p>Somos los principales distribuidores europeos de recambios 7ld. Varriale Snc: motores y recambios Lombardini en todas partes y para todas las necesidades. Cont\u00e1ctenos para una cotizaci\u00f3n gratuita al <strong>+39 081.5936838<\/strong> o env\u00ede un correo electr\u00f3nico a <a href=\"mailto:info@varriale.com\">info@varriale.com<\/a>[\/vc_column_text][vc_empty_space height=\u00bb10px\u00bb]<div id=\"modal-trg-txt-wrap-5359\" class=\"ult-modal-input-wrapper ult-adjust-bottom-margin    \" data-keypress-control=\"keypress-control-enable\" data-overlay-control=\"overlay-control-enable\"><style>\n\t\t\t\t\t.btn-modal.btn-id-69f27c9464d056-69116762:hover {\n\t\t\t\t\t\tbackground-color: #f7b738 !important;\n\t\t\t\t\t}\n\t\t\t\t\t<\/style><button  data-ultimate-target='#modal-trg-txt-wrap-5359 .btn-modal'  data-responsive-json-new='{\"font-size\":\"\",\"line-height\":\"\"}'  style=\"background:#f7a600;border-color:#f7a600;color:#ffffff; font-family:&#039;Fira Sans&#039;;font-weight:500;\" data-class-id=\"content-69f27c9464d056-69116762\" class=\"btn-modal ult-responsive btn-primary btn-modal-md overlay-show ult-align-left btn-id-69f27c9464d056-69116762\" data-overlay-class=\"overlay-zoomin\">Solicitar presupuesto<\/button><\/div>\n<div class=\"ult-overlay content-69f27c9464d056-69116762 \" data-class=\"content-69f27c9464d056-69116762\" id=\"button-click-overlay\" style=\"background:rgba(51,51,51,0.8); display:none;\">\n\t<div class=\"ult_modal ult-fade ult-small\">\n\t\t<div id=\"ult-modal-wrap-1233\" class=\"ult_modal-content ult-hide\" style=\"border-style:solid;border-width:2px;border-radius:0px;border-color:#333333;\">\n\t\t\t<div class=\"ult_modal-header\" style=\"background:#f7a600;color:#ffffff;border-color:#333333;\">\n\t\t\t\t<div class=\"modal-icon\"><i class=\"icomoon-the7-font-the7-mail-01\"><\/i><\/div><h3  data-ultimate-target='#ult-modal-wrap-1233 .ult_modal-title'  data-responsive-json-new='{\"font-size\":\"\",\"line-height\":\"\"}'  class=\"ult_modal-title ult-responsive\">Solicite una cotizaci\u00f3n gratis ahora<\/h3>\n\t\t\t<\/div>\n\t\t\t<div  data-ultimate-target='#ult-modal-wrap-1233 .ult_modal-body'  data-responsive-json-new='{\"font-size\":\"\",\"line-height\":\"\"}'  class=\"ult_modal-body ult-responsive ult-html\" style=\"\">\n\t\t\t<div role=\"form\" class=\"wpcf7\" id=\"wpcf7-f15381-o1\" lang=\"it-IT\" dir=\"ltr\">\n<div class=\"screen-reader-response\"><p role=\"status\" aria-live=\"polite\" aria-atomic=\"true\"><\/p> <ul><\/ul><\/div>\n<form action=\"\/es\/wp-json\/wp\/v2\/pages\/16965#wpcf7-f15381-o1\" method=\"post\" class=\"wpcf7-form init\" novalidate=\"novalidate\" data-status=\"init\">\n<div style=\"display: none;\">\n<input type=\"hidden\" name=\"_wpcf7\" value=\"15381\" \/>\n<input type=\"hidden\" name=\"_wpcf7_version\" value=\"5.3.2\" \/>\n<input type=\"hidden\" name=\"_wpcf7_locale\" value=\"it_IT\" \/>\n<input type=\"hidden\" name=\"_wpcf7_unit_tag\" value=\"wpcf7-f15381-o1\" \/>\n<input type=\"hidden\" name=\"_wpcf7_container_post\" value=\"0\" \/>\n<input type=\"hidden\" name=\"_wpcf7_posted_data_hash\" value=\"\" \/>\n<input type=\"hidden\" name=\"_wpcf7_recaptcha_response\" value=\"\" \/>\n<\/div>\n<div class=\"vc_row wpb_row vc_row-fluid\">\n<div class=\"wpb_column vc_column_container vc_col-sm-6\">\n<div class=\"vc_column-inner\">\n<div class=\"wpb_wrapper\">\n<p><span class=\"wpcf7-form-control-wrap azienda\"><input type=\"text\" name=\"azienda\" value=\"\" size=\"40\" class=\"wpcf7-form-control wpcf7-text wpcf7-validates-as-required\" aria-required=\"true\" aria-invalid=\"false\" placeholder=\"Agencia*\" \/><\/span><\/p>\n<\/div>\n<\/div>\n<\/div>\n<div class=\"wpb_column vc_column_container vc_col-sm-6\">\n<div class=\"vc_column-inner\">\n<div class=\"wpb_wrapper\">\n<p><span class=\"wpcf7-form-control-wrap nome\"><input type=\"text\" name=\"nome\" value=\"\" size=\"40\" class=\"wpcf7-form-control wpcf7-text wpcf7-validates-as-required\" aria-required=\"true\" aria-invalid=\"false\" placeholder=\"Nombre*\" \/><\/span><\/p>\n<\/div>\n<\/div>\n<\/div>\n<\/div>\n<div class=\"vc_row wpb_row vc_row-fluid\">\n<div class=\"wpb_column vc_column_container vc_col-sm-6\">\n<div class=\"vc_column-inner\">\n<div class=\"wpb_wrapper\">\n<p><span class=\"wpcf7-form-control-wrap citta\"><input type=\"text\" name=\"citta\" value=\"\" size=\"40\" class=\"wpcf7-form-control wpcf7-text wpcf7-validates-as-required\" aria-required=\"true\" aria-invalid=\"false\" placeholder=\"Ciudad*\" \/><\/span><\/p>\n<\/div>\n<\/div>\n<\/div>\n<div class=\"wpb_column vc_column_container vc_col-sm-6\">\n<div class=\"vc_column-inner\">\n<div class=\"wpb_wrapper\">\n<p><span class=\"wpcf7-form-control-wrap nazione\"><input type=\"text\" name=\"nazione\" value=\"\" size=\"40\" class=\"wpcf7-form-control wpcf7-text wpcf7-validates-as-required\" aria-required=\"true\" aria-invalid=\"false\" placeholder=\"Pa\u00eds*\" \/><\/span><\/p>\n<\/div>\n<\/div>\n<\/div>\n<\/div>\n<div class=\"vc_row wpb_row vc_row-fluid\">\n<div class=\"wpb_column vc_column_container vc_col-sm-6\">\n<div class=\"vc_column-inner\">\n<div class=\"wpb_wrapper\">\n<p><span class=\"wpcf7-form-control-wrap your-email\"><input type=\"email\" name=\"your-email\" value=\"\" size=\"40\" class=\"wpcf7-form-control wpcf7-text wpcf7-email wpcf7-validates-as-required wpcf7-validates-as-email\" aria-required=\"true\" aria-invalid=\"false\" placeholder=\"E-mail*\" \/><\/span><\/p>\n<\/div>\n<\/div>\n<\/div>\n<div class=\"wpb_column vc_column_container vc_col-sm-6\">\n<div class=\"vc_column-inner\">\n<div class=\"wpb_wrapper\">\n<p><span class=\"wpcf7-form-control-wrap telefono\"><input type=\"tel\" name=\"telefono\" value=\"\" size=\"40\" class=\"wpcf7-form-control wpcf7-text wpcf7-tel wpcf7-validates-as-required wpcf7-validates-as-tel\" aria-required=\"true\" aria-invalid=\"false\" placeholder=\"Tel\u00e9fono*\" \/><\/span><\/p>\n<\/div>\n<\/div>\n<\/div>\n<\/div>\n<div class=\"vc_row wpb_row vc_row-fluid\">\n<div class=\"wpb_column vc_column_container vc_col-sm-12\">\n<div class=\"vc_column-inner\">\n<div class=\"wpb_wrapper\">\n<p><span class=\"wpcf7-form-control-wrap your-message\"><textarea name=\"your-message\" cols=\"40\" rows=\"8\" class=\"wpcf7-form-control wpcf7-textarea wpcf7-validates-as-required\" aria-required=\"true\" aria-invalid=\"false\" placeholder=\"Tu mensaje*\"><\/textarea><\/span><\/p>\n<\/div>\n<\/div>\n<\/div>\n<\/div>\n<p><input type=\"submit\" value=\"Enviar Consulta\" class=\"wpcf7-form-control wpcf7-submit\" \/><\/p>\n<div style=\"font-size:13px\">Este sitio est\u00e1 protegido por reCAPTCHA, <a href=\"https:\/\/policies.google.com\/privacy\" target=\"_blank\">Privacy Policy<\/a> y <a href=\"https:\/\/policies.google.com\/terms\" target=\"_blank\">Terms of Service<\/a> de Google.<\/div>\n<div class=\"wpcf7-response-output\" aria-hidden=\"true\"><\/div><\/form><\/div>\n\t\t\t<\/div>\n\t<\/div>\n\t<\/div>\n\t<div class=\"ult-overlay-close top-right\" style=\"width:80px;height:80px; \"><div class=\"ult-overlay-close-inside\">Close<\/div><\/div>\n<\/div>[vc_empty_space height=\u00bb20px\u00bb][\/vc_column][vc_column width=\u00bb1\/3&#8243;][vc_single_image image=\u00bb16743&#8243; img_size=\u00bbfull\u00bb style=\u00bbvc_box_outline\u00bb onclick=\u00bbcustom_link\u00bb link=\u00bbhttps:\/\/www.varriale.com\/es\/motori-lombardini\/\u00bb][vc_empty_space height=\u00bb20px\u00bb][\/vc_column][\/vc_row][vc_row][vc_column][vc_column_text]<\/p>\n<h2>Recambios del motor lombardini 7ld<\/h2>\n<p>[\/vc_column_text][vc_empty_space height=\u00bb20px\u00bb][\/vc_column][\/vc_row][vc_row][vc_column width=\u00bb1\/6&#8243;][vc_single_image image=\u00bb16966&#8243; img_size=\u00bbfull\u00bb alignment=\u00bbcenter\u00bb onclick=\u00bbcustom_link\u00bb link=\u00bbhttps:\/\/www.varriale.com\/es\/recambios-lombardini-7ld-665\/\u00bb][vc_empty_space height=\u00bb10px\u00bb][vc_column_text]<\/p>\n<h5 style=\"text-align: center;\"><a href=\"https:\/\/www.varriale.com\/es\/recambios-lombardini-7ld-665\/\">Recambios Lombardini<br \/>\n7ld 665<\/a><\/h5>\n<p>[\/vc_column_text][vc_empty_space height=\u00bb10px\u00bb][\/vc_column][vc_column width=\u00bb1\/6&#8243;][vc_single_image image=\u00bb16967&#8243; img_size=\u00bbfull\u00bb alignment=\u00bbcenter\u00bb onclick=\u00bbcustom_link\u00bb link=\u00bbhttps:\/\/www.varriale.com\/es\/recambios-lombardini-7ld-740\/\u00bb][vc_empty_space height=\u00bb10px\u00bb][vc_column_text]<\/p>\n<h5 style=\"text-align: center;\"><a href=\"https:\/\/www.varriale.com\/es\/recambios-lombardini-7ld-740\/\">Recambios Lombardini<br \/>\n7ld 740<\/a><\/h5>\n<p>[\/vc_column_text][vc_empty_space height=\u00bb10px\u00bb][\/vc_column][vc_column width=\u00bb1\/6&#8243;][vc_empty_space height=\u00bb10px\u00bb][\/vc_column][vc_column width=\u00bb1\/6&#8243;][\/vc_column][vc_column width=\u00bb1\/6&#8243;][\/vc_column][vc_column width=\u00bb1\/6&#8243;][\/vc_column][\/vc_row][vc_row][vc_column][vc_empty_space height=\u00bb10px\u00bb][vc_column_text]<strong>Recambios disponibles<\/strong><br \/>\nadmisi\u00f3n y escape &#8211; biella\/ pistone\/ cilindro &#8211; cig\u00fce\u00f1al \/ soporte lateral del volante \/ volante &#8211; distribuci\u00f3n \/ regulador de velocidad\/ albero controrotante &#8211; base \/ puerta de distribuci\u00f3n \/ pies\/ sfiato &#8211; circuito combustible &#8211; enfri\u00e1ndose &#8211; circuito de lubricaci\u00f3n &#8211; comandos &#8211; culata \/ tapa de balancines \/ balancines \/ v\u00e1lvulas &#8211; buena voluntad &#8211; juego de juntas \/ anillos &#8211; bloque motor[\/vc_column_text][\/vc_column][\/vc_row]<\/p>\n","protected":false},"excerpt":{"rendered":"<p>[vc_row][vc_column width=\u00bb2\/3&#8243;][vc_column_text] Se encuentra disponible una amplia gama de recambios Lombardini 7ld Somos los principales distribuidores europeos de recambios 7ld. Varriale Snc: motores y recambios Lombardini en todas partes y para todas las necesidades. Cont\u00e1ctenos para una cotizaci\u00f3n gratuita al +39 081.5936838 o env\u00ede un correo electr\u00f3nico a info@varriale.com[\/vc_column_text][vc_empty_space height=\u00bb10px\u00bb][vc_empty_space height=\u00bb20px\u00bb][\/vc_column][vc_column width=\u00bb1\/3&#8243;][vc_single_image image=\u00bb16743&#8243; img_size=\u00bbfull\u00bb style=\u00bbvc_box_outline\u00bb&hellip;<\/p>\n","protected":false},"author":1,"featured_media":0,"parent":16742,"menu_order":0,"comment_status":"closed","ping_status":"closed","template":"","meta":[],"yoast_head":"<!-- This site is optimized with the Yoast SEO plugin v15.8 - https:\/\/yoast.com\/wordpress\/plugins\/seo\/ -->\n<title>recambios Lombardini 7ld, repuestos motor Lombardini 7ld, venta de recambios Lombardini 7ld, Distribuidor Lombardini 7ld<\/title>\n<meta name=\"description\" content=\"recambios Lombardini 7ld, repuestos motor Lombardini 7ld, venta de recambios Lombardini 7ld, Distribuidor Lombardini 7ld\" \/>\n<meta name=\"robots\" content=\"index, follow, max-snippet:-1, max-image-preview:large, max-video-preview:-1\" \/>\n<link rel=\"canonical\" href=\"https:\/\/www.varriale.com\/es\/recambios-lombardini\/recambios-lombardini-7ld\/\" \/>\n<meta property=\"og:locale\" content=\"es_ES\" \/>\n<meta property=\"og:type\" content=\"article\" \/>\n<meta property=\"og:title\" content=\"recambios Lombardini 7ld, repuestos motor Lombardini 7ld, venta de recambios Lombardini 7ld, Distribuidor Lombardini 7ld\" \/>\n<meta property=\"og:description\" content=\"recambios Lombardini 7ld, repuestos motor Lombardini 7ld, venta de recambios Lombardini 7ld, Distribuidor Lombardini 7ld\" \/>\n<meta property=\"og:url\" content=\"https:\/\/www.varriale.com\/es\/recambios-lombardini\/recambios-lombardini-7ld\/\" \/>\n<meta property=\"og:site_name\" content=\"Varriale\" \/>\n<meta property=\"article:modified_time\" content=\"2022-07-25T15:21:23+00:00\" \/>\n<meta name=\"twitter:card\" content=\"summary_large_image\" \/>\n<meta name=\"twitter:label1\" content=\"Est. reading time\">\n\t<meta name=\"twitter:data1\" content=\"1 minuto\">\n<script type=\"application\/ld+json\" class=\"yoast-schema-graph\">{\"@context\":\"https:\/\/schema.org\",\"@graph\":[{\"@type\":\"WebSite\",\"@id\":\"https:\/\/www.varriale.com\/es\/#website\",\"url\":\"https:\/\/www.varriale.com\/es\/\",\"name\":\"Varriale\",\"description\":\"Motores y repuestos\",\"potentialAction\":[{\"@type\":\"SearchAction\",\"target\":\"https:\/\/www.varriale.com\/es\/?s={search_term_string}\",\"query-input\":\"required name=search_term_string\"}],\"inLanguage\":\"es\"},{\"@type\":\"WebPage\",\"@id\":\"https:\/\/www.varriale.com\/es\/recambios-lombardini\/recambios-lombardini-7ld\/#webpage\",\"url\":\"https:\/\/www.varriale.com\/es\/recambios-lombardini\/recambios-lombardini-7ld\/\",\"name\":\"recambios Lombardini 7ld, repuestos motor Lombardini 7ld, venta de recambios Lombardini 7ld, Distribuidor Lombardini 7ld\",\"isPartOf\":{\"@id\":\"https:\/\/www.varriale.com\/es\/#website\"},\"datePublished\":\"2021-04-22T09:28:50+00:00\",\"dateModified\":\"2022-07-25T15:21:23+00:00\",\"description\":\"recambios Lombardini 7ld, repuestos motor Lombardini 7ld, venta de recambios Lombardini 7ld, Distribuidor Lombardini 7ld\",\"breadcrumb\":{\"@id\":\"https:\/\/www.varriale.com\/es\/recambios-lombardini\/recambios-lombardini-7ld\/#breadcrumb\"},\"inLanguage\":\"es\",\"potentialAction\":[{\"@type\":\"ReadAction\",\"target\":[\"https:\/\/www.varriale.com\/es\/recambios-lombardini\/recambios-lombardini-7ld\/\"]}]},{\"@type\":\"BreadcrumbList\",\"@id\":\"https:\/\/www.varriale.com\/es\/recambios-lombardini\/recambios-lombardini-7ld\/#breadcrumb\",\"itemListElement\":[{\"@type\":\"ListItem\",\"position\":1,\"item\":{\"@type\":\"WebPage\",\"@id\":\"https:\/\/www.varriale.com\/es\/\",\"url\":\"https:\/\/www.varriale.com\/es\/\",\"name\":\"Home\"}},{\"@type\":\"ListItem\",\"position\":2,\"item\":{\"@type\":\"WebPage\",\"@id\":\"https:\/\/www.varriale.com\/es\/recambios-lombardini\/\",\"url\":\"https:\/\/www.varriale.com\/es\/recambios-lombardini\/\",\"name\":\"Recambios Lombardini\"}},{\"@type\":\"ListItem\",\"position\":3,\"item\":{\"@type\":\"WebPage\",\"@id\":\"https:\/\/www.varriale.com\/es\/recambios-lombardini\/recambios-lombardini-7ld\/\",\"url\":\"https:\/\/www.varriale.com\/es\/recambios-lombardini\/recambios-lombardini-7ld\/\",\"name\":\"Recambios Lombardini 7ld\"}}]}]}<\/script>\n<!-- \/ Yoast SEO plugin. -->","_links":{"self":[{"href":"https:\/\/www.varriale.com\/es\/wp-json\/wp\/v2\/pages\/16965"}],"collection":[{"href":"https:\/\/www.varriale.com\/es\/wp-json\/wp\/v2\/pages"}],"about":[{"href":"https:\/\/www.varriale.com\/es\/wp-json\/wp\/v2\/types\/page"}],"author":[{"embeddable":true,"href":"https:\/\/www.varriale.com\/es\/wp-json\/wp\/v2\/users\/1"}],"replies":[{"embeddable":true,"href":"https:\/\/www.varriale.com\/es\/wp-json\/wp\/v2\/comments?post=16965"}],"version-history":[{"count":0,"href":"https:\/\/www.varriale.com\/es\/wp-json\/wp\/v2\/pages\/16965\/revisions"}],"up":[{"embeddable":true,"href":"https:\/\/www.varriale.com\/es\/wp-json\/wp\/v2\/pages\/16742"}],"wp:attachment":[{"href":"https:\/\/www.varriale.com\/es\/wp-json\/wp\/v2\/media?parent=16965"}],"curies":[{"name":"wp","href":"https:\/\/api.w.org\/{rel}","templated":true}]}}