{"id":17371,"date":"2021-04-24T11:04:01","date_gmt":"2021-04-24T09:04:01","guid":{"rendered":"https:\/\/www.varriale.com\/es\/?page_id=17371"},"modified":"2022-07-25T18:07:32","modified_gmt":"2022-07-25T16:07:32","slug":"recambios-para-ligier-ambra-162-gl","status":"publish","type":"page","link":"https:\/\/www.varriale.com\/es\/recambios-para-minicoches\/recambios-para-ligier-ambra-162-gl\/","title":{"rendered":"Recambios para Ligier Ambra \/ 162 GL"},"content":{"rendered":"<p>[vc_row][vc_column width=\u00bb2\/3&#8243;][vc_column_text]<\/p>\n<h4>Recambios para city car, minicoches, autos sin licencia, autos peque\u00f1os<\/h4>\n<p>Te ofrecemos para todos los minicoches equipados con motores Lombardini: motores completos, todos los repuestos mec\u00e1nicos, correas de variadores, soportes el\u00e1sticos, pastillas de freno, amortiguadores, radiadores, luces, variadores completos, cajas de cambios, etc.[\/vc_column_text][vc_empty_space height=\u00bb10px\u00bb]<div id=\"modal-trg-txt-wrap-5344\" class=\"ult-modal-input-wrapper ult-adjust-bottom-margin    \" data-keypress-control=\"keypress-control-enable\" data-overlay-control=\"overlay-control-enable\"><style>\n\t\t\t\t\t.btn-modal.btn-id-69f27cbed9d587-05205697:hover {\n\t\t\t\t\t\tbackground-color: #f7b738 !important;\n\t\t\t\t\t}\n\t\t\t\t\t<\/style><button  data-ultimate-target='#modal-trg-txt-wrap-5344 .btn-modal'  data-responsive-json-new='{\"font-size\":\"\",\"line-height\":\"\"}'  style=\"background:#f7a600;border-color:#f7a600;color:#ffffff; font-family:&#039;Fira Sans&#039;;font-weight:500;\" data-class-id=\"content-69f27cbed9d587-05205697\" class=\"btn-modal ult-responsive btn-primary btn-modal-md overlay-show ult-align-left btn-id-69f27cbed9d587-05205697\" data-overlay-class=\"overlay-zoomin\">Solicitar presupuesto<\/button><\/div>\n<div class=\"ult-overlay content-69f27cbed9d587-05205697 \" data-class=\"content-69f27cbed9d587-05205697\" id=\"button-click-overlay\" style=\"background:rgba(51,51,51,0.8); display:none;\">\n\t<div class=\"ult_modal ult-fade ult-small\">\n\t\t<div id=\"ult-modal-wrap-2850\" class=\"ult_modal-content ult-hide\" style=\"border-style:solid;border-width:2px;border-radius:0px;border-color:#333333;\">\n\t\t\t<div class=\"ult_modal-header\" style=\"background:#f7a600;color:#ffffff;border-color:#333333;\">\n\t\t\t\t<div class=\"modal-icon\"><i class=\"icomoon-the7-font-the7-mail-01\"><\/i><\/div><h3  data-ultimate-target='#ult-modal-wrap-2850 .ult_modal-title'  data-responsive-json-new='{\"font-size\":\"\",\"line-height\":\"\"}'  class=\"ult_modal-title ult-responsive\">Solicite una cotizaci\u00f3n gratis ahora<\/h3>\n\t\t\t<\/div>\n\t\t\t<div  data-ultimate-target='#ult-modal-wrap-2850 .ult_modal-body'  data-responsive-json-new='{\"font-size\":\"\",\"line-height\":\"\"}'  class=\"ult_modal-body ult-responsive ult-html\" style=\"\">\n\t\t\t<div role=\"form\" class=\"wpcf7\" id=\"wpcf7-f15381-o1\" lang=\"it-IT\" dir=\"ltr\">\n<div class=\"screen-reader-response\"><p role=\"status\" aria-live=\"polite\" aria-atomic=\"true\"><\/p> <ul><\/ul><\/div>\n<form action=\"\/es\/wp-json\/wp\/v2\/pages\/17371#wpcf7-f15381-o1\" method=\"post\" class=\"wpcf7-form init\" novalidate=\"novalidate\" data-status=\"init\">\n<div style=\"display: none;\">\n<input type=\"hidden\" name=\"_wpcf7\" value=\"15381\" \/>\n<input type=\"hidden\" name=\"_wpcf7_version\" value=\"5.3.2\" \/>\n<input type=\"hidden\" name=\"_wpcf7_locale\" value=\"it_IT\" \/>\n<input type=\"hidden\" name=\"_wpcf7_unit_tag\" value=\"wpcf7-f15381-o1\" \/>\n<input type=\"hidden\" name=\"_wpcf7_container_post\" value=\"0\" \/>\n<input type=\"hidden\" name=\"_wpcf7_posted_data_hash\" value=\"\" \/>\n<input type=\"hidden\" name=\"_wpcf7_recaptcha_response\" value=\"\" \/>\n<\/div>\n<div class=\"vc_row wpb_row vc_row-fluid\">\n<div class=\"wpb_column vc_column_container vc_col-sm-6\">\n<div class=\"vc_column-inner\">\n<div class=\"wpb_wrapper\">\n<p><span class=\"wpcf7-form-control-wrap azienda\"><input type=\"text\" name=\"azienda\" value=\"\" size=\"40\" class=\"wpcf7-form-control wpcf7-text wpcf7-validates-as-required\" aria-required=\"true\" aria-invalid=\"false\" placeholder=\"Agencia*\" \/><\/span><\/p>\n<\/div>\n<\/div>\n<\/div>\n<div class=\"wpb_column vc_column_container vc_col-sm-6\">\n<div class=\"vc_column-inner\">\n<div class=\"wpb_wrapper\">\n<p><span class=\"wpcf7-form-control-wrap nome\"><input type=\"text\" name=\"nome\" value=\"\" size=\"40\" class=\"wpcf7-form-control wpcf7-text wpcf7-validates-as-required\" aria-required=\"true\" aria-invalid=\"false\" placeholder=\"Nombre*\" \/><\/span><\/p>\n<\/div>\n<\/div>\n<\/div>\n<\/div>\n<div class=\"vc_row wpb_row vc_row-fluid\">\n<div class=\"wpb_column vc_column_container vc_col-sm-6\">\n<div class=\"vc_column-inner\">\n<div class=\"wpb_wrapper\">\n<p><span class=\"wpcf7-form-control-wrap citta\"><input type=\"text\" name=\"citta\" value=\"\" size=\"40\" class=\"wpcf7-form-control wpcf7-text wpcf7-validates-as-required\" aria-required=\"true\" aria-invalid=\"false\" placeholder=\"Ciudad*\" \/><\/span><\/p>\n<\/div>\n<\/div>\n<\/div>\n<div class=\"wpb_column vc_column_container vc_col-sm-6\">\n<div class=\"vc_column-inner\">\n<div class=\"wpb_wrapper\">\n<p><span class=\"wpcf7-form-control-wrap nazione\"><input type=\"text\" name=\"nazione\" value=\"\" size=\"40\" class=\"wpcf7-form-control wpcf7-text wpcf7-validates-as-required\" aria-required=\"true\" aria-invalid=\"false\" placeholder=\"Pa\u00eds*\" \/><\/span><\/p>\n<\/div>\n<\/div>\n<\/div>\n<\/div>\n<div class=\"vc_row wpb_row vc_row-fluid\">\n<div class=\"wpb_column vc_column_container vc_col-sm-6\">\n<div class=\"vc_column-inner\">\n<div class=\"wpb_wrapper\">\n<p><span class=\"wpcf7-form-control-wrap your-email\"><input type=\"email\" name=\"your-email\" value=\"\" size=\"40\" class=\"wpcf7-form-control wpcf7-text wpcf7-email wpcf7-validates-as-required wpcf7-validates-as-email\" aria-required=\"true\" aria-invalid=\"false\" placeholder=\"E-mail*\" \/><\/span><\/p>\n<\/div>\n<\/div>\n<\/div>\n<div class=\"wpb_column vc_column_container vc_col-sm-6\">\n<div class=\"vc_column-inner\">\n<div class=\"wpb_wrapper\">\n<p><span class=\"wpcf7-form-control-wrap telefono\"><input type=\"tel\" name=\"telefono\" value=\"\" size=\"40\" class=\"wpcf7-form-control wpcf7-text wpcf7-tel wpcf7-validates-as-required wpcf7-validates-as-tel\" aria-required=\"true\" aria-invalid=\"false\" placeholder=\"Tel\u00e9fono*\" \/><\/span><\/p>\n<\/div>\n<\/div>\n<\/div>\n<\/div>\n<div class=\"vc_row wpb_row vc_row-fluid\">\n<div class=\"wpb_column vc_column_container vc_col-sm-12\">\n<div class=\"vc_column-inner\">\n<div class=\"wpb_wrapper\">\n<p><span class=\"wpcf7-form-control-wrap your-message\"><textarea name=\"your-message\" cols=\"40\" rows=\"8\" class=\"wpcf7-form-control wpcf7-textarea wpcf7-validates-as-required\" aria-required=\"true\" aria-invalid=\"false\" placeholder=\"Tu mensaje*\"><\/textarea><\/span><\/p>\n<\/div>\n<\/div>\n<\/div>\n<\/div>\n<p><input type=\"submit\" value=\"Enviar Consulta\" class=\"wpcf7-form-control wpcf7-submit\" \/><\/p>\n<div style=\"font-size:13px\">Este sitio est\u00e1 protegido por reCAPTCHA, <a href=\"https:\/\/policies.google.com\/privacy\" target=\"_blank\">Privacy Policy<\/a> y <a href=\"https:\/\/policies.google.com\/terms\" target=\"_blank\">Terms of Service<\/a> de Google.<\/div>\n<div class=\"wpcf7-response-output\" aria-hidden=\"true\"><\/div><\/form><\/div>\n\t\t\t<\/div>\n\t<\/div>\n\t<\/div>\n\t<div class=\"ult-overlay-close top-right\" style=\"width:80px;height:80px; \"><div class=\"ult-overlay-close-inside\">Close<\/div><\/div>\n<\/div>[vc_empty_space height=\u00bb20px\u00bb][\/vc_column][vc_column width=\u00bb1\/3&#8243;][vc_single_image image=\u00bb17237&#8243; img_size=\u00bbfull\u00bb alignment=\u00bbcenter\u00bb][vc_empty_space height=\u00bb20px\u00bb][\/vc_column][\/vc_row][vc_row][vc_column][vc_empty_space height=\u00bb20px\u00bb][vc_column_text]<\/p>\n<table class=\"dcf-table dcf-table-responsive dcf-table-bordered dcf-table-striped dcf-w-100%\">\n<tbody>\n<tr>\n<td>Correas para Ligier Ambra \/ 162 GL<\/td>\n<\/tr>\n<tr>\n<td>Correas de variador para Ligier Ambra \/ 162 GL<\/td>\n<\/tr>\n<tr>\n<td>Correas dentadas para Ligier Ambra \/ 162 GL<\/td>\n<\/tr>\n<tr>\n<td>Correas para coches urbanos Ligier Ambra \/ 162 GL<\/td>\n<\/tr>\n<tr>\n<td>Suspensiones para minicoches Ligier Ambra \/ 162 GL<\/td>\n<\/tr>\n<tr>\n<td>Amortiguadores para Ligier Ambra \/ 162 GL<\/td>\n<\/tr>\n<tr>\n<td>Recambios originales Lombardini para Ligier Ambra \/ 162 GL<\/td>\n<\/tr>\n<tr>\n<td>Kit de masa de carbono para Ligier Ambra \/ 162 GL<\/td>\n<\/tr>\n<tr>\n<td>Poleas lado motor para Ligier Ambra \/ 162 GL<\/td>\n<\/tr>\n<tr>\n<td>Recambios para motores de coches urbanos Ligier Ambra \/ 162 GL<\/td>\n<\/tr>\n<tr>\n<td>V\u00e1lvula termost\u00e1tica para Ligier Ambra \/ 162 GL<\/td>\n<\/tr>\n<tr>\n<td>Junta de cabeza para Ligier Ambra \/ 162 GL<\/td>\n<\/tr>\n<tr>\n<td>Kit de juntas de motor para Ligier Ambra \/ 162 GL<\/td>\n<\/tr>\n<tr>\n<td>Radiadores para Ligier Ambra \/ 162 GL<\/td>\n<\/tr>\n<tr>\n<td>Variadores completos para Ligier Ambra \/ 162 GL<\/td>\n<\/tr>\n<tr>\n<td>Kit patines con pesas para Ligier Ambra \/ 162 GL<\/td>\n<\/tr>\n<tr>\n<td>Buj\u00edas incandescentes para Ligier Ambra \/ 162 GL<\/td>\n<\/tr>\n<tr>\n<td>Ventiladores de succi\u00f3n para Ligier Ambra \/ 162 GL<\/td>\n<\/tr>\n<tr>\n<td>Poleas laterales caja de cambios para Ligier Ambra \/ 162 GL<\/td>\n<\/tr>\n<tr>\n<td>Kit de frenos para cuatriciclos Ligier Ambra \/ 162 GL<\/td>\n<\/tr>\n<tr>\n<td>Frenos delanteros para Ligier Ambra \/ 162 GL<\/td>\n<\/tr>\n<tr>\n<td>Frenos traseros para Ligier Ambra \/ 162 GL<\/td>\n<\/tr>\n<tr>\n<td>Kit de sistema de frenos para Ligier Ambra \/ 162 GL<\/td>\n<\/tr>\n<tr>\n<td>Bombas el\u00e9ctricas de aire acondicionado para Ligier Ambra \/ 162 GL<\/td>\n<\/tr>\n<tr>\n<td>Kit de caja de cambios para Ligier Ambra \/ 162 GL<\/td>\n<\/tr>\n<tr>\n<td>Cambio per vetture leggere Ligier Ambra \/ 162 GL<\/td>\n<\/tr>\n<tr>\n<td>Soportes el\u00e1sticos para Ligier Ambra \/ 162 GL<\/td>\n<\/tr>\n<tr>\n<td>Variadores de velocidad para Ligier Ambra \/ 162 GL<\/td>\n<\/tr>\n<tr>\n<td>Soportes antivibratorios para Ligier Ambra \/ 162 GL<\/td>\n<\/tr>\n<tr>\n<td>Luces para Ligier Ambra \/ 162 GL<\/td>\n<\/tr>\n<tr>\n<td>Cartuchos de filtro de diesel de motor para Ligier Ambra \/ 162 GL<\/td>\n<\/tr>\n<tr>\n<td>Cartuchos de filtro de aire del motor para Ligier Ambra \/ 162 GL<\/td>\n<\/tr>\n<tr>\n<td>Cambios diferenciales para Ligier Ambra \/ 162 GL<\/td>\n<\/tr>\n<\/tbody>\n<\/table>\n<p>[\/vc_column_text][\/vc_column][\/vc_row][vc_row full_width=\u00bbstretch_row\u00bb css=\u00bb.vc_custom_1614966188898{margin-top: 60px !important;margin-bottom: -65px !important;padding-top: 45px !important;padding-bottom: 20px !important;background-color: #f6f6f6 !important;}\u00bb][vc_column width=\u00bb1\/3&#8243;]<div class=\"aio-icon-component  vc_custom_1614966070363  accent-icon-bg style_1\"><div id=\"Info-box-wrap-6672\" class=\"aio-icon-box left-icon\" style=\"\"  ><div class=\"aio-icon-left\"><div class=\"ult-just-icon-wrapper  \"><div class=\"align-icon\" style=\"text-align:center;\">\n<div class=\"aio-icon advanced \"  style=\"color:#ffffff;background:#ffffff;border-style:;border-color:#333333;border-width:1px;width:40px;height:40px;line-height:40px;border-radius:500px;font-size:20px;display:inline-block;\">\n\t<i class=\"fas fa-award\"><\/i>\n<\/div><\/div><\/div><\/div><div class=\"aio-ibd-block\"><div class=\"aio-icon-header\" ><h3 class=\"aio-icon-title ult-responsive\"  data-ultimate-target='#Info-box-wrap-6672 .aio-icon-title'  data-responsive-json-new='{\"font-size\":\"desktop:16px;\",\"line-height\":\"desktop:26px;\"}'  style=\"font-weight:bold;\">Marcas l\u00edderes<\/h3><\/div> <!-- header --><div class=\"aio-icon-description ult-responsive\"  data-ultimate-target='#Info-box-wrap-6672 .aio-icon-description'  data-responsive-json-new='{\"font-size\":\"\",\"line-height\":\"\"}'  style=\"\">Garantizamos la m\u00e1xima calidad y eficacia, con productos de primeras marcas del sector.<\/div> <!-- description --><\/div> <!-- aio-ibd-block --><\/div> <!-- aio-icon-box --><\/div> <!-- aio-icon-component -->[vc_empty_space height=\u00bb5px\u00bb][\/vc_column][vc_column width=\u00bb1\/3&#8243;]<div class=\"aio-icon-component  vc_custom_1613146344105  accent-icon-bg style_1\"><div id=\"Info-box-wrap-7441\" class=\"aio-icon-box left-icon\" style=\"\"  ><div class=\"aio-icon-left\"><div class=\"ult-just-icon-wrapper  \"><div class=\"align-icon\" style=\"text-align:center;\">\n<div class=\"aio-icon advanced \"  style=\"color:#ffffff;background:#ffffff;border-style:;border-color:#333333;border-width:1px;width:40px;height:40px;line-height:40px;border-radius:500px;font-size:20px;display:inline-block;\">\n\t<i class=\"icomoon-font-awesome-14x14-star\"><\/i>\n<\/div><\/div><\/div><\/div><div class=\"aio-ibd-block\"><div class=\"aio-icon-header\" ><h3 class=\"aio-icon-title ult-responsive\"  data-ultimate-target='#Info-box-wrap-7441 .aio-icon-title'  data-responsive-json-new='{\"font-size\":\"desktop:16px;\",\"line-height\":\"desktop:26px;\"}'  style=\"font-weight:bold;\">Amplio rango de productos<\/h3><\/div> <!-- header --><div class=\"aio-icon-description ult-responsive\"  data-ultimate-target='#Info-box-wrap-7441 .aio-icon-description'  data-responsive-json-new='{\"font-size\":\"\",\"line-height\":\"\"}'  style=\"\">Una amplia gama de productos, todos de la m\u00e1s alta calidad, est\u00e1n a disposici\u00f3n de nuestros clientes.<\/div> <!-- description --><\/div> <!-- aio-ibd-block --><\/div> <!-- aio-icon-box --><\/div> <!-- aio-icon-component -->[vc_empty_space height=\u00bb5px\u00bb][\/vc_column][vc_column width=\u00bb1\/3&#8243;]<div class=\"aio-icon-component  vc_custom_1614965793066  accent-icon-bg style_1\"><div id=\"Info-box-wrap-5909\" class=\"aio-icon-box left-icon\" style=\"\"  ><div class=\"aio-icon-left\"><div class=\"ult-just-icon-wrapper  \"><div class=\"align-icon\" style=\"text-align:center;\">\n<div class=\"aio-icon advanced \"  style=\"color:#ffffff;background:#ffffff;border-style:;border-color:#333333;border-width:1px;width:40px;height:40px;line-height:40px;border-radius:500px;font-size:20px;display:inline-block;\">\n\t<i class=\"icomoon-font-awesome-14x14-thumbs-o-up\"><\/i>\n<\/div><\/div><\/div><\/div><div class=\"aio-ibd-block\"><div class=\"aio-icon-header\" ><h3 class=\"aio-icon-title ult-responsive\"  data-ultimate-target='#Info-box-wrap-5909 .aio-icon-title'  data-responsive-json-new='{\"font-size\":\"desktop:16px;\",\"line-height\":\"desktop:26px;\"}'  style=\"font-weight:bold;\">Apoyo t\u00e9cnico<\/h3><\/div> <!-- header --><div class=\"aio-icon-description ult-responsive\"  data-ultimate-target='#Info-box-wrap-5909 .aio-icon-description'  data-responsive-json-new='{\"font-size\":\"\",\"line-height\":\"\"}'  style=\"\">Cont\u00e1ctenos para cualquier necesidad y ser\u00e1 atendido de inmediato por nuestro personal especializado.<\/div> <!-- description --><\/div> <!-- aio-ibd-block --><\/div> <!-- aio-icon-box --><\/div> <!-- aio-icon-component -->[vc_empty_space height=\u00bb5px\u00bb][\/vc_column][\/vc_row]<\/p>\n","protected":false},"excerpt":{"rendered":"<p>[vc_row][vc_column width=\u00bb2\/3&#8243;][vc_column_text] Recambios para city car, minicoches, autos sin licencia, autos peque\u00f1os Te ofrecemos para todos los minicoches equipados con motores Lombardini: motores completos, todos los repuestos mec\u00e1nicos, correas de variadores, soportes el\u00e1sticos, pastillas de freno, amortiguadores, radiadores, luces, variadores completos, cajas de cambios, etc.[\/vc_column_text][vc_empty_space height=\u00bb10px\u00bb][vc_empty_space height=\u00bb20px\u00bb][\/vc_column][vc_column width=\u00bb1\/3&#8243;][vc_single_image image=\u00bb17237&#8243; img_size=\u00bbfull\u00bb alignment=\u00bbcenter\u00bb][vc_empty_space height=\u00bb20px\u00bb][\/vc_column][\/vc_row][vc_row][vc_column][vc_empty_space height=\u00bb20px\u00bb][vc_column_text] Correas para&hellip;<\/p>\n","protected":false},"author":1,"featured_media":0,"parent":17236,"menu_order":0,"comment_status":"closed","ping_status":"closed","template":"","meta":[],"yoast_head":"<!-- This site is optimized with the Yoast SEO plugin v15.8 - https:\/\/yoast.com\/wordpress\/plugins\/seo\/ -->\n<title>recambios de motor Ligier Ambra \/ 162 GL, distribuidor de recambios Ligier Ambra \/ 162 GL, precios de recambios Ligier Ambra \/ 162 GL<\/title>\n<meta name=\"description\" content=\"recambios de motor Ligier Ambra \/ 162 GL, distribuidor de recambios Ligier Ambra \/ 162 GL, precios de recambios Ligier Ambra \/ 162 GL\" \/>\n<meta name=\"robots\" content=\"index, follow, max-snippet:-1, max-image-preview:large, max-video-preview:-1\" \/>\n<link rel=\"canonical\" href=\"https:\/\/www.varriale.com\/es\/recambios-para-minicoches\/recambios-para-ligier-ambra-162-gl\/\" \/>\n<meta property=\"og:locale\" content=\"es_ES\" \/>\n<meta property=\"og:type\" content=\"article\" \/>\n<meta property=\"og:title\" content=\"recambios de motor Ligier Ambra \/ 162 GL, distribuidor de recambios Ligier Ambra \/ 162 GL, precios de recambios Ligier Ambra \/ 162 GL\" \/>\n<meta property=\"og:description\" content=\"recambios de motor Ligier Ambra \/ 162 GL, distribuidor de recambios Ligier Ambra \/ 162 GL, precios de recambios Ligier Ambra \/ 162 GL\" \/>\n<meta property=\"og:url\" content=\"https:\/\/www.varriale.com\/es\/recambios-para-minicoches\/recambios-para-ligier-ambra-162-gl\/\" \/>\n<meta property=\"og:site_name\" content=\"Varriale\" \/>\n<meta property=\"article:modified_time\" content=\"2022-07-25T16:07:32+00:00\" \/>\n<meta name=\"twitter:card\" content=\"summary_large_image\" \/>\n<meta name=\"twitter:label1\" content=\"Est. reading time\">\n\t<meta name=\"twitter:data1\" content=\"3 minutos\">\n<script type=\"application\/ld+json\" class=\"yoast-schema-graph\">{\"@context\":\"https:\/\/schema.org\",\"@graph\":[{\"@type\":\"WebSite\",\"@id\":\"https:\/\/www.varriale.com\/es\/#website\",\"url\":\"https:\/\/www.varriale.com\/es\/\",\"name\":\"Varriale\",\"description\":\"Motores y repuestos\",\"potentialAction\":[{\"@type\":\"SearchAction\",\"target\":\"https:\/\/www.varriale.com\/es\/?s={search_term_string}\",\"query-input\":\"required name=search_term_string\"}],\"inLanguage\":\"es\"},{\"@type\":\"WebPage\",\"@id\":\"https:\/\/www.varriale.com\/es\/recambios-para-minicoches\/recambios-para-ligier-ambra-162-gl\/#webpage\",\"url\":\"https:\/\/www.varriale.com\/es\/recambios-para-minicoches\/recambios-para-ligier-ambra-162-gl\/\",\"name\":\"recambios de motor Ligier Ambra \/ 162 GL, distribuidor de recambios Ligier Ambra \/ 162 GL, precios de recambios Ligier Ambra \/ 162 GL\",\"isPartOf\":{\"@id\":\"https:\/\/www.varriale.com\/es\/#website\"},\"datePublished\":\"2021-04-24T09:04:01+00:00\",\"dateModified\":\"2022-07-25T16:07:32+00:00\",\"description\":\"recambios de motor Ligier Ambra \/ 162 GL, distribuidor de recambios Ligier Ambra \/ 162 GL, precios de recambios Ligier Ambra \/ 162 GL\",\"breadcrumb\":{\"@id\":\"https:\/\/www.varriale.com\/es\/recambios-para-minicoches\/recambios-para-ligier-ambra-162-gl\/#breadcrumb\"},\"inLanguage\":\"es\",\"potentialAction\":[{\"@type\":\"ReadAction\",\"target\":[\"https:\/\/www.varriale.com\/es\/recambios-para-minicoches\/recambios-para-ligier-ambra-162-gl\/\"]}]},{\"@type\":\"BreadcrumbList\",\"@id\":\"https:\/\/www.varriale.com\/es\/recambios-para-minicoches\/recambios-para-ligier-ambra-162-gl\/#breadcrumb\",\"itemListElement\":[{\"@type\":\"ListItem\",\"position\":1,\"item\":{\"@type\":\"WebPage\",\"@id\":\"https:\/\/www.varriale.com\/es\/\",\"url\":\"https:\/\/www.varriale.com\/es\/\",\"name\":\"Home\"}},{\"@type\":\"ListItem\",\"position\":2,\"item\":{\"@type\":\"WebPage\",\"@id\":\"https:\/\/www.varriale.com\/es\/recambios-para-minicoches\/\",\"url\":\"https:\/\/www.varriale.com\/es\/recambios-para-minicoches\/\",\"name\":\"Recambios para Minicoches\"}},{\"@type\":\"ListItem\",\"position\":3,\"item\":{\"@type\":\"WebPage\",\"@id\":\"https:\/\/www.varriale.com\/es\/recambios-para-minicoches\/recambios-para-ligier-ambra-162-gl\/\",\"url\":\"https:\/\/www.varriale.com\/es\/recambios-para-minicoches\/recambios-para-ligier-ambra-162-gl\/\",\"name\":\"Recambios para Ligier Ambra \/ 162 GL\"}}]}]}<\/script>\n<!-- \/ Yoast SEO plugin. -->","_links":{"self":[{"href":"https:\/\/www.varriale.com\/es\/wp-json\/wp\/v2\/pages\/17371"}],"collection":[{"href":"https:\/\/www.varriale.com\/es\/wp-json\/wp\/v2\/pages"}],"about":[{"href":"https:\/\/www.varriale.com\/es\/wp-json\/wp\/v2\/types\/page"}],"author":[{"embeddable":true,"href":"https:\/\/www.varriale.com\/es\/wp-json\/wp\/v2\/users\/1"}],"replies":[{"embeddable":true,"href":"https:\/\/www.varriale.com\/es\/wp-json\/wp\/v2\/comments?post=17371"}],"version-history":[{"count":0,"href":"https:\/\/www.varriale.com\/es\/wp-json\/wp\/v2\/pages\/17371\/revisions"}],"up":[{"embeddable":true,"href":"https:\/\/www.varriale.com\/es\/wp-json\/wp\/v2\/pages\/17236"}],"wp:attachment":[{"href":"https:\/\/www.varriale.com\/es\/wp-json\/wp\/v2\/media?parent=17371"}],"curies":[{"name":"wp","href":"https:\/\/api.w.org\/{rel}","templated":true}]}}