{"id":17775,"date":"2021-06-10T11:24:24","date_gmt":"2021-06-10T09:24:24","guid":{"rendered":"https:\/\/www.varriale.com\/es\/?page_id=17775"},"modified":"2022-07-25T11:33:33","modified_gmt":"2022-07-25T09:33:33","slug":"grupos-electrogenos","status":"publish","type":"page","link":"https:\/\/www.varriale.com\/es\/grupos-electrogenos\/","title":{"rendered":"Grupos electr\u00f3genos"},"content":{"rendered":"<p>[vc_row][vc_column width=\u00bb1\/2&#8243;][vc_single_image image=\u00bb16049&#8243; img_size=\u00bb300&#215;150&#8243; alignment=\u00bbcenter\u00bb onclick=\u00bbcustom_link\u00bb link=\u00bbhttps:\/\/www.varriale.com\/es\/motores-lombardini-marine\/grupos-electrogenos-lombardini\u00bb][vc_empty_space height=\u00bb20px\u00bb][vc_column_text]<\/p>\n<h3>Grupos electr\u00f3genos Lombardini<\/h3>\n<div class=\"wpb_text_column wpb_content_element \">\n<div class=\"wpb_wrapper\">\n<p>Lombardini Marine ofrece una amplia gama de grupos electr\u00f3genos silenciosos, compactos y robustos equipados con motores diesel marinos (LMG 4000\/6000 con motores serie LD y LMG 9000\/14000\/18000 con motores serie FOCS).<\/p>\n<\/div>\n<\/div>\n<p>[\/vc_column_text][vc_empty_space height=\u00bb20px\u00bb][vc_column_text]<style type=\"text\/css\" data-type=\"the7_shortcodes-inline-css\">#default-btn-0426e05eb4b20c7de168952a5e09683c.ico-right-side > i {\n  margin-right: 0px;\n  margin-left: 8px;\n}\n#default-btn-0426e05eb4b20c7de168952a5e09683c > i {\n  margin-right: 8px;\n}\n#default-btn-0426e05eb4b20c7de168952a5e09683c * {\n  vertical-align: middle;\n}\n<\/style><a href=\"https:\/\/www.varriale.com\/es\/motores-lombardini-marine\/grupos-electrogenos-lombardini\/\" class=\"default-btn-shortcode dt-btn dt-btn-s link-hover-off btn-inline-left \" id=\"default-btn-0426e05eb4b20c7de168952a5e09683c\"><span>Mostrar Detalles<\/span><\/a>[\/vc_column_text][vc_empty_space height=\u00bb30px\u00bb][\/vc_column][vc_column width=\u00bb1\/2&#8243;][vc_single_image image=\u00bb17767&#8243; img_size=\u00bb300&#215;150&#8243; alignment=\u00bbcenter\u00bb onclick=\u00bbcustom_link\u00bb link=\u00bbhttps:\/\/www.varriale.com\/es\/grupos-electrogenos-kohler-sdmo\u00bb][vc_empty_space height=\u00bb20px\u00bb][vc_column_text]<\/p>\n<h3><span class=\"\">Grupos electr\u00f3genos\u00a0<\/span>Kohler SDMO<\/h3>\n<div class=\"wpb_text_column wpb_content_element \">\n<div class=\"wpb_wrapper\">\n<p>Dise\u00f1ados para usuarios industriales, los\u00a0<strong>grupos electr\u00f3genos Kohler<\/strong> <strong>SDMO <\/strong>cubren una amplia gama de aplicaciones y ofrecen una amplia variedad de opciones y actualizaciones para cumplir con los requisitos de todas las configuraciones.<\/p>\n<\/div>\n<\/div>\n<p>[\/vc_column_text][vc_empty_space height=\u00bb20px\u00bb][vc_column_text]<style type=\"text\/css\" data-type=\"the7_shortcodes-inline-css\">#default-btn-da06158e79cc237a29fc195335801c96.ico-right-side > i {\n  margin-right: 0px;\n  margin-left: 8px;\n}\n#default-btn-da06158e79cc237a29fc195335801c96 > i {\n  margin-right: 8px;\n}\n#default-btn-da06158e79cc237a29fc195335801c96 * {\n  vertical-align: middle;\n}\n<\/style><a href=\"https:\/\/www.varriale.com\/es\/grupos-electrogenos-kohler-sdmo\/\" class=\"default-btn-shortcode dt-btn dt-btn-s link-hover-off btn-inline-left \" id=\"default-btn-da06158e79cc237a29fc195335801c96\"><span>Mostrar Detalles<\/span><\/a>[\/vc_column_text][vc_empty_space height=\u00bb30px\u00bb][\/vc_column][\/vc_row][vc_row full_width=\u00bbstretch_row\u00bb css=\u00bb.vc_custom_1614966188898{margin-top: 60px !important;margin-bottom: -65px !important;padding-top: 45px !important;padding-bottom: 20px !important;background-color: #f6f6f6 !important;}\u00bb][vc_column width=\u00bb1\/3&#8243;]<div class=\"aio-icon-component  vc_custom_1614966070363  accent-icon-bg style_1\"><div id=\"Info-box-wrap-9946\" class=\"aio-icon-box left-icon\" style=\"\"  ><div class=\"aio-icon-left\"><div class=\"ult-just-icon-wrapper  \"><div class=\"align-icon\" style=\"text-align:center;\">\n<div class=\"aio-icon advanced \"  style=\"color:#ffffff;background:#ffffff;border-style:;border-color:#333333;border-width:1px;width:40px;height:40px;line-height:40px;border-radius:500px;font-size:20px;display:inline-block;\">\n\t<i class=\"fas fa-award\"><\/i>\n<\/div><\/div><\/div><\/div><div class=\"aio-ibd-block\"><div class=\"aio-icon-header\" ><h3 class=\"aio-icon-title ult-responsive\"  data-ultimate-target='#Info-box-wrap-9946 .aio-icon-title'  data-responsive-json-new='{\"font-size\":\"desktop:16px;\",\"line-height\":\"desktop:26px;\"}'  style=\"font-weight:bold;\">Marcas l\u00edderes<\/h3><\/div> <!-- header --><div class=\"aio-icon-description ult-responsive\"  data-ultimate-target='#Info-box-wrap-9946 .aio-icon-description'  data-responsive-json-new='{\"font-size\":\"\",\"line-height\":\"\"}'  style=\"\">Garantizamos la m\u00e1xima calidad y eficacia, con productos de primeras marcas del sector.<\/div> <!-- description --><\/div> <!-- aio-ibd-block --><\/div> <!-- aio-icon-box --><\/div> <!-- aio-icon-component -->[vc_empty_space height=\u00bb5px\u00bb][\/vc_column][vc_column width=\u00bb1\/3&#8243;]<div class=\"aio-icon-component  vc_custom_1613146344105  accent-icon-bg style_1\"><div id=\"Info-box-wrap-4860\" class=\"aio-icon-box left-icon\" style=\"\"  ><div class=\"aio-icon-left\"><div class=\"ult-just-icon-wrapper  \"><div class=\"align-icon\" style=\"text-align:center;\">\n<div class=\"aio-icon advanced \"  style=\"color:#ffffff;background:#ffffff;border-style:;border-color:#333333;border-width:1px;width:40px;height:40px;line-height:40px;border-radius:500px;font-size:20px;display:inline-block;\">\n\t<i class=\"icomoon-font-awesome-14x14-star\"><\/i>\n<\/div><\/div><\/div><\/div><div class=\"aio-ibd-block\"><div class=\"aio-icon-header\" ><h3 class=\"aio-icon-title ult-responsive\"  data-ultimate-target='#Info-box-wrap-4860 .aio-icon-title'  data-responsive-json-new='{\"font-size\":\"desktop:16px;\",\"line-height\":\"desktop:26px;\"}'  style=\"font-weight:bold;\">Amplio rango de productos<\/h3><\/div> <!-- header --><div class=\"aio-icon-description ult-responsive\"  data-ultimate-target='#Info-box-wrap-4860 .aio-icon-description'  data-responsive-json-new='{\"font-size\":\"\",\"line-height\":\"\"}'  style=\"\">Una amplia gama de productos, todos de la m\u00e1s alta calidad, est\u00e1n a disposici\u00f3n de nuestros clientes.<\/div> <!-- description --><\/div> <!-- aio-ibd-block --><\/div> <!-- aio-icon-box --><\/div> <!-- aio-icon-component -->[vc_empty_space height=\u00bb5px\u00bb][\/vc_column][vc_column width=\u00bb1\/3&#8243;]<div class=\"aio-icon-component  vc_custom_1614965793066  accent-icon-bg style_1\"><div id=\"Info-box-wrap-3978\" class=\"aio-icon-box left-icon\" style=\"\"  ><div class=\"aio-icon-left\"><div class=\"ult-just-icon-wrapper  \"><div class=\"align-icon\" style=\"text-align:center;\">\n<div class=\"aio-icon advanced \"  style=\"color:#ffffff;background:#ffffff;border-style:;border-color:#333333;border-width:1px;width:40px;height:40px;line-height:40px;border-radius:500px;font-size:20px;display:inline-block;\">\n\t<i class=\"icomoon-font-awesome-14x14-thumbs-o-up\"><\/i>\n<\/div><\/div><\/div><\/div><div class=\"aio-ibd-block\"><div class=\"aio-icon-header\" ><h3 class=\"aio-icon-title ult-responsive\"  data-ultimate-target='#Info-box-wrap-3978 .aio-icon-title'  data-responsive-json-new='{\"font-size\":\"desktop:16px;\",\"line-height\":\"desktop:26px;\"}'  style=\"font-weight:bold;\">Apoyo t\u00e9cnico<\/h3><\/div> <!-- header --><div class=\"aio-icon-description ult-responsive\"  data-ultimate-target='#Info-box-wrap-3978 .aio-icon-description'  data-responsive-json-new='{\"font-size\":\"\",\"line-height\":\"\"}'  style=\"\">Cont\u00e1ctenos para cualquier necesidad y ser\u00e1 atendido de inmediato por nuestro personal especializado.<\/div> <!-- description --><\/div> <!-- aio-ibd-block --><\/div> <!-- aio-icon-box --><\/div> <!-- aio-icon-component -->[vc_empty_space height=\u00bb5px\u00bb][\/vc_column][\/vc_row]<\/p>\n","protected":false},"excerpt":{"rendered":"<p>[vc_row][vc_column width=\u00bb1\/2&#8243;][vc_single_image image=\u00bb16049&#8243; img_size=\u00bb300&#215;150&#8243; alignment=\u00bbcenter\u00bb onclick=\u00bbcustom_link\u00bb link=\u00bbhttps:\/\/www.varriale.com\/es\/motores-lombardini-marine\/grupos-electrogenos-lombardini\u00bb][vc_empty_space height=\u00bb20px\u00bb][vc_column_text] Grupos electr\u00f3genos Lombardini Lombardini Marine ofrece una amplia gama de grupos electr\u00f3genos silenciosos, compactos y robustos equipados con motores diesel marinos (LMG 4000\/6000 con motores serie LD y LMG 9000\/14000\/18000 con motores serie FOCS). [\/vc_column_text][vc_empty_space height=\u00bb20px\u00bb][vc_column_text][\/vc_column_text][vc_empty_space height=\u00bb30px\u00bb][\/vc_column][vc_column width=\u00bb1\/2&#8243;][vc_single_image image=\u00bb17767&#8243; img_size=\u00bb300&#215;150&#8243; alignment=\u00bbcenter\u00bb onclick=\u00bbcustom_link\u00bb link=\u00bbhttps:\/\/www.varriale.com\/es\/grupos-electrogenos-kohler-sdmo\u00bb][vc_empty_space height=\u00bb20px\u00bb][vc_column_text] Grupos electr\u00f3genos\u00a0Kohler SDMO&hellip;<\/p>\n","protected":false},"author":1,"featured_media":0,"parent":0,"menu_order":0,"comment_status":"closed","ping_status":"closed","template":"","meta":[],"yoast_head":"<!-- This site is optimized with the Yoast SEO plugin v15.8 - https:\/\/yoast.com\/wordpress\/plugins\/seo\/ -->\n<title>Grupos electr\u00f3genos Lombardini, generadores kohler sdmo, distribuidor de grupos electr\u00f3genos, Recambios Lombardini<\/title>\n<meta name=\"description\" content=\"Grupos electr\u00f3genos Lombardini, generadores kohler sdmo, distribuidor de grupos electr\u00f3genos, Recambios Lombardini\" \/>\n<meta name=\"robots\" content=\"index, follow, max-snippet:-1, max-image-preview:large, max-video-preview:-1\" \/>\n<link rel=\"canonical\" href=\"https:\/\/www.varriale.com\/es\/grupos-electrogenos\/\" \/>\n<meta property=\"og:locale\" content=\"es_ES\" \/>\n<meta property=\"og:type\" content=\"article\" \/>\n<meta property=\"og:title\" content=\"Grupos electr\u00f3genos Lombardini, generadores kohler sdmo, distribuidor de grupos electr\u00f3genos, Recambios Lombardini\" \/>\n<meta property=\"og:description\" content=\"Grupos electr\u00f3genos Lombardini, generadores kohler sdmo, distribuidor de grupos electr\u00f3genos, Recambios Lombardini\" \/>\n<meta property=\"og:url\" content=\"https:\/\/www.varriale.com\/es\/grupos-electrogenos\/\" \/>\n<meta property=\"og:site_name\" content=\"Varriale\" \/>\n<meta property=\"article:modified_time\" content=\"2022-07-25T09:33:33+00:00\" \/>\n<meta name=\"twitter:card\" content=\"summary_large_image\" \/>\n<meta name=\"twitter:label1\" content=\"Est. reading time\">\n\t<meta name=\"twitter:data1\" content=\"1 minuto\">\n<script type=\"application\/ld+json\" class=\"yoast-schema-graph\">{\"@context\":\"https:\/\/schema.org\",\"@graph\":[{\"@type\":\"WebSite\",\"@id\":\"https:\/\/www.varriale.com\/es\/#website\",\"url\":\"https:\/\/www.varriale.com\/es\/\",\"name\":\"Varriale\",\"description\":\"Motores y repuestos\",\"potentialAction\":[{\"@type\":\"SearchAction\",\"target\":\"https:\/\/www.varriale.com\/es\/?s={search_term_string}\",\"query-input\":\"required name=search_term_string\"}],\"inLanguage\":\"es\"},{\"@type\":\"WebPage\",\"@id\":\"https:\/\/www.varriale.com\/es\/grupos-electrogenos\/#webpage\",\"url\":\"https:\/\/www.varriale.com\/es\/grupos-electrogenos\/\",\"name\":\"Grupos electr\\u00f3genos Lombardini, generadores kohler sdmo, distribuidor de grupos electr\\u00f3genos, Recambios Lombardini\",\"isPartOf\":{\"@id\":\"https:\/\/www.varriale.com\/es\/#website\"},\"datePublished\":\"2021-06-10T09:24:24+00:00\",\"dateModified\":\"2022-07-25T09:33:33+00:00\",\"description\":\"Grupos electr\\u00f3genos Lombardini, generadores kohler sdmo, distribuidor de grupos electr\\u00f3genos, Recambios Lombardini\",\"breadcrumb\":{\"@id\":\"https:\/\/www.varriale.com\/es\/grupos-electrogenos\/#breadcrumb\"},\"inLanguage\":\"es\",\"potentialAction\":[{\"@type\":\"ReadAction\",\"target\":[\"https:\/\/www.varriale.com\/es\/grupos-electrogenos\/\"]}]},{\"@type\":\"BreadcrumbList\",\"@id\":\"https:\/\/www.varriale.com\/es\/grupos-electrogenos\/#breadcrumb\",\"itemListElement\":[{\"@type\":\"ListItem\",\"position\":1,\"item\":{\"@type\":\"WebPage\",\"@id\":\"https:\/\/www.varriale.com\/es\/\",\"url\":\"https:\/\/www.varriale.com\/es\/\",\"name\":\"Home\"}},{\"@type\":\"ListItem\",\"position\":2,\"item\":{\"@type\":\"WebPage\",\"@id\":\"https:\/\/www.varriale.com\/es\/grupos-electrogenos\/\",\"url\":\"https:\/\/www.varriale.com\/es\/grupos-electrogenos\/\",\"name\":\"Grupos electr\\u00f3genos\"}}]}]}<\/script>\n<!-- \/ Yoast SEO plugin. -->","_links":{"self":[{"href":"https:\/\/www.varriale.com\/es\/wp-json\/wp\/v2\/pages\/17775"}],"collection":[{"href":"https:\/\/www.varriale.com\/es\/wp-json\/wp\/v2\/pages"}],"about":[{"href":"https:\/\/www.varriale.com\/es\/wp-json\/wp\/v2\/types\/page"}],"author":[{"embeddable":true,"href":"https:\/\/www.varriale.com\/es\/wp-json\/wp\/v2\/users\/1"}],"replies":[{"embeddable":true,"href":"https:\/\/www.varriale.com\/es\/wp-json\/wp\/v2\/comments?post=17775"}],"version-history":[{"count":0,"href":"https:\/\/www.varriale.com\/es\/wp-json\/wp\/v2\/pages\/17775\/revisions"}],"wp:attachment":[{"href":"https:\/\/www.varriale.com\/es\/wp-json\/wp\/v2\/media?parent=17775"}],"curies":[{"name":"wp","href":"https:\/\/api.w.org\/{rel}","templated":true}]}}