{"id":17082,"date":"2021-04-23T09:35:37","date_gmt":"2021-04-23T07:35:37","guid":{"rendered":"https:\/\/www.varriale.com\/fr\/?page_id=17082"},"modified":"2022-07-13T12:00:43","modified_gmt":"2022-07-13T10:00:43","slug":"pieces-de-rechange-lombardini-15ld","status":"publish","type":"page","link":"https:\/\/www.varriale.com\/fr\/pieces-de-rechange-lombardini\/pieces-de-rechange-lombardini-15ld\/","title":{"rendered":"Pi\u00e8ces de rechange Lombardini 15ld"},"content":{"rendered":"<p>[vc_row][vc_column width=\u00a0\u00bb2\/3&Prime;][vc_column_text]<\/p>\n<h4>Disponible une large gamme de pi\u00e8ces d\u00e9tach\u00e9es Lombardini 15ld<\/h4>\n<p>Nous sommes les principaux distributeurs europ\u00e9ens de pi\u00e8ces d\u00e9tach\u00e9es Lombardini 15ld .Varriale Snc : moteurs Lombardini et pi\u00e8ces d\u00e9tach\u00e9es partout et pour tous les besoins. Contactez-nous pour un devis gratuit au <strong>+39 081.5936838<\/strong> ou par e-mail \u00e0 <a href=\"mailto:info@varriale.com\">info@varriale.com<\/a>[\/vc_column_text][vc_empty_space height=\u00a0\u00bb10px\u00a0\u00bb]<div id=\"modal-trg-txt-wrap-7276\" class=\"ult-modal-input-wrapper ult-adjust-bottom-margin    \" data-keypress-control=\"keypress-control-enable\" data-overlay-control=\"overlay-control-enable\"><style>\n\t\t\t\t\t.btn-modal.btn-id-69f27cafb166a9-15203524:hover {\n\t\t\t\t\t\tbackground-color: #f7b738 !important;\n\t\t\t\t\t}\n\t\t\t\t\t<\/style><button  data-ultimate-target='#modal-trg-txt-wrap-7276 .btn-modal'  data-responsive-json-new='{\"font-size\":\"\",\"line-height\":\"\"}'  style=\"background:#f7a600;border-color:#f7a600;color:#ffffff; font-family:&#039;Fira Sans&#039;;font-weight:500;\" data-class-id=\"content-69f27cafb166a9-15203524\" class=\"btn-modal ult-responsive btn-primary btn-modal-md overlay-show ult-align-left btn-id-69f27cafb166a9-15203524\" data-overlay-class=\"overlay-zoomin\">Demander un devis<\/button><\/div>\n<div class=\"ult-overlay content-69f27cafb166a9-15203524 \" data-class=\"content-69f27cafb166a9-15203524\" id=\"button-click-overlay\" style=\"background:rgba(51,51,51,0.8); display:none;\">\n\t<div class=\"ult_modal ult-fade ult-small\">\n\t\t<div id=\"ult-modal-wrap-877\" class=\"ult_modal-content ult-hide\" style=\"border-style:solid;border-width:2px;border-radius:0px;border-color:#333333;\">\n\t\t\t<div class=\"ult_modal-header\" style=\"background:#f7a600;color:#ffffff;border-color:#333333;\">\n\t\t\t\t<div class=\"modal-icon\"><i class=\"icomoon-the7-font-the7-mail-01\"><\/i><\/div><h3  data-ultimate-target='#ult-modal-wrap-877 .ult_modal-title'  data-responsive-json-new='{\"font-size\":\"\",\"line-height\":\"\"}'  class=\"ult_modal-title ult-responsive\">Demandez un devis gratuit<\/h3>\n\t\t\t<\/div>\n\t\t\t<div  data-ultimate-target='#ult-modal-wrap-877 .ult_modal-body'  data-responsive-json-new='{\"font-size\":\"\",\"line-height\":\"\"}'  class=\"ult_modal-body ult-responsive ult-html\" style=\"\">\n\t\t\t<div role=\"form\" class=\"wpcf7\" id=\"wpcf7-f15381-o1\" lang=\"it-IT\" dir=\"ltr\">\n<div class=\"screen-reader-response\"><p role=\"status\" aria-live=\"polite\" aria-atomic=\"true\"><\/p> <ul><\/ul><\/div>\n<form action=\"\/fr\/wp-json\/wp\/v2\/pages\/17082#wpcf7-f15381-o1\" method=\"post\" class=\"wpcf7-form init\" novalidate=\"novalidate\" data-status=\"init\">\n<div style=\"display: none;\">\n<input type=\"hidden\" name=\"_wpcf7\" value=\"15381\" \/>\n<input type=\"hidden\" name=\"_wpcf7_version\" value=\"5.3.2\" \/>\n<input type=\"hidden\" name=\"_wpcf7_locale\" value=\"it_IT\" \/>\n<input type=\"hidden\" name=\"_wpcf7_unit_tag\" value=\"wpcf7-f15381-o1\" \/>\n<input type=\"hidden\" name=\"_wpcf7_container_post\" value=\"0\" \/>\n<input type=\"hidden\" name=\"_wpcf7_posted_data_hash\" value=\"\" \/>\n<input type=\"hidden\" name=\"_wpcf7_recaptcha_response\" value=\"\" \/>\n<\/div>\n<div class=\"vc_row wpb_row vc_row-fluid\">\n<div class=\"wpb_column vc_column_container vc_col-sm-6\">\n<div class=\"vc_column-inner\">\n<div class=\"wpb_wrapper\">\n<p><span class=\"wpcf7-form-control-wrap azienda\"><input type=\"text\" name=\"azienda\" value=\"\" size=\"40\" class=\"wpcf7-form-control wpcf7-text wpcf7-validates-as-required\" aria-required=\"true\" aria-invalid=\"false\" placeholder=\"Entreprise*\" \/><\/span><\/p>\n<\/div>\n<\/div>\n<\/div>\n<div class=\"wpb_column vc_column_container vc_col-sm-6\">\n<div class=\"vc_column-inner\">\n<div class=\"wpb_wrapper\">\n<p><span class=\"wpcf7-form-control-wrap nome\"><input type=\"text\" name=\"nome\" value=\"\" size=\"40\" class=\"wpcf7-form-control wpcf7-text wpcf7-validates-as-required\" aria-required=\"true\" aria-invalid=\"false\" placeholder=\"Nom*\" \/><\/span><\/p>\n<\/div>\n<\/div>\n<\/div>\n<\/div>\n<div class=\"vc_row wpb_row vc_row-fluid\">\n<div class=\"wpb_column vc_column_container vc_col-sm-6\">\n<div class=\"vc_column-inner\">\n<div class=\"wpb_wrapper\">\n<p><span class=\"wpcf7-form-control-wrap citta\"><input type=\"text\" name=\"citta\" value=\"\" size=\"40\" class=\"wpcf7-form-control wpcf7-text wpcf7-validates-as-required\" aria-required=\"true\" aria-invalid=\"false\" placeholder=\"Ville*\" \/><\/span><\/p>\n<\/div>\n<\/div>\n<\/div>\n<div class=\"wpb_column vc_column_container vc_col-sm-6\">\n<div class=\"vc_column-inner\">\n<div class=\"wpb_wrapper\">\n<p><span class=\"wpcf7-form-control-wrap nazione\"><input type=\"text\" name=\"nazione\" value=\"\" size=\"40\" class=\"wpcf7-form-control wpcf7-text wpcf7-validates-as-required\" aria-required=\"true\" aria-invalid=\"false\" placeholder=\"De campagne*\" \/><\/span><\/p>\n<\/div>\n<\/div>\n<\/div>\n<\/div>\n<div class=\"vc_row wpb_row vc_row-fluid\">\n<div class=\"wpb_column vc_column_container vc_col-sm-6\">\n<div class=\"vc_column-inner\">\n<div class=\"wpb_wrapper\">\n<p><span class=\"wpcf7-form-control-wrap your-email\"><input type=\"email\" name=\"your-email\" value=\"\" size=\"40\" class=\"wpcf7-form-control wpcf7-text wpcf7-email wpcf7-validates-as-required wpcf7-validates-as-email\" aria-required=\"true\" aria-invalid=\"false\" placeholder=\"E-mail*\" \/><\/span><\/p>\n<\/div>\n<\/div>\n<\/div>\n<div class=\"wpb_column vc_column_container vc_col-sm-6\">\n<div class=\"vc_column-inner\">\n<div class=\"wpb_wrapper\">\n<p><span class=\"wpcf7-form-control-wrap telefono\"><input type=\"tel\" name=\"telefono\" value=\"\" size=\"40\" class=\"wpcf7-form-control wpcf7-text wpcf7-tel wpcf7-validates-as-required wpcf7-validates-as-tel\" aria-required=\"true\" aria-invalid=\"false\" placeholder=\"T\u00e9l\u00e9phone*\" \/><\/span><\/p>\n<\/div>\n<\/div>\n<\/div>\n<\/div>\n<div class=\"vc_row wpb_row vc_row-fluid\">\n<div class=\"wpb_column vc_column_container vc_col-sm-12\">\n<div class=\"vc_column-inner\">\n<div class=\"wpb_wrapper\">\n<p><span class=\"wpcf7-form-control-wrap your-message\"><textarea name=\"your-message\" cols=\"40\" rows=\"8\" class=\"wpcf7-form-control wpcf7-textarea wpcf7-validates-as-required\" aria-required=\"true\" aria-invalid=\"false\" placeholder=\"Votre message*\"><\/textarea><\/span><\/p>\n<\/div>\n<\/div>\n<\/div>\n<\/div>\n<p><input type=\"submit\" value=\"Envoyer le message\" class=\"wpcf7-form-control wpcf7-submit\" \/><\/p>\n<div style=\"font-size:13px\">This site is protected by reCAPTCHA, <a href=\"https:\/\/policies.google.com\/privacy\" target=\"_blank\">Privacy Policy<\/a> e <a href=\"https:\/\/policies.google.com\/terms\" target=\"_blank\">Terms of Service<\/a> by Google.<\/div>\n<div class=\"wpcf7-response-output\" aria-hidden=\"true\"><\/div><\/form><\/div>\n\t\t\t<\/div>\n\t<\/div>\n\t<\/div>\n\t<div class=\"ult-overlay-close top-right\" style=\"width:80px;height:80px; \"><div class=\"ult-overlay-close-inside\">Close<\/div><\/div>\n<\/div>[vc_empty_space height=\u00a0\u00bb20px\u00a0\u00bb][\/vc_column][vc_column width=\u00a0\u00bb1\/3&Prime;][vc_single_image image=\u00a0\u00bb16743&Prime; img_size=\u00a0\u00bbfull\u00a0\u00bb style=\u00a0\u00bbvc_box_outline\u00a0\u00bb onclick=\u00a0\u00bbcustom_link\u00a0\u00bb link=\u00a0\u00bbhttps:\/\/www.varriale.com\/fr\/moteurs-lombardini\/\u00a0\u00bb][vc_empty_space height=\u00a0\u00bb20px\u00a0\u00bb][\/vc_column][\/vc_row][vc_row][vc_column][vc_column_text]<\/p>\n<h2>Pi\u00e8ces d\u00e9tach\u00e9es pour moteur Lombardini 15ld<\/h2>\n<p>[\/vc_column_text][vc_empty_space height=\u00a0\u00bb20px\u00a0\u00bb][\/vc_column][\/vc_row][vc_row][vc_column width=\u00a0\u00bb1\/6&Prime;][vc_single_image image=\u00a0\u00bb17083&Prime; img_size=\u00a0\u00bbfull\u00a0\u00bb alignment=\u00a0\u00bbcenter\u00a0\u00bb onclick=\u00a0\u00bbcustom_link\u00a0\u00bb link=\u00a0\u00bbhttps:\/\/www.varriale.com\/fr\/pieces-de-rechange-lombardini-15ld-225\/\u00a0\u00bb][vc_empty_space height=\u00a0\u00bb10px\u00a0\u00bb][vc_column_text]<\/p>\n<h5 style=\"text-align: center;\"><a href=\"https:\/\/www.varriale.com\/fr\/pieces-de-rechange-lombardini-15ld-225\/\">Pi\u00e8ces de rechange Lombardini 15ld 225<\/a><\/h5>\n<p>[\/vc_column_text][vc_empty_space height=\u00a0\u00bb10px\u00a0\u00bb][\/vc_column][vc_column width=\u00a0\u00bb1\/6&Prime;][vc_single_image image=\u00a0\u00bb17084&Prime; img_size=\u00a0\u00bbfull\u00a0\u00bb alignment=\u00a0\u00bbcenter\u00a0\u00bb onclick=\u00a0\u00bbcustom_link\u00a0\u00bb link=\u00a0\u00bbhttps:\/\/www.varriale.com\/fr\/pieces-de-rechange-lombardini-15ld-315\/\u00a0\u00bb][vc_empty_space height=\u00a0\u00bb10px\u00a0\u00bb][vc_column_text]<\/p>\n<h5 style=\"text-align: center;\"><a href=\"https:\/\/www.varriale.com\/fr\/pieces-de-rechange-lombardini-15ld-315\/\">Pi\u00e8ces de rechange Lombardini 15ld 315<\/a><\/h5>\n<p>[\/vc_column_text][vc_empty_space height=\u00a0\u00bb10px\u00a0\u00bb][\/vc_column][vc_column width=\u00a0\u00bb1\/6&Prime;][vc_single_image image=\u00a0\u00bb17085&Prime; img_size=\u00a0\u00bbfull\u00a0\u00bb alignment=\u00a0\u00bbcenter\u00a0\u00bb onclick=\u00a0\u00bbcustom_link\u00a0\u00bb link=\u00a0\u00bbhttps:\/\/www.varriale.com\/fr\/pieces-de-rechange-lombardini-15ld-350\/\u00a0\u00bb][vc_empty_space height=\u00a0\u00bb10px\u00a0\u00bb][vc_column_text]<\/p>\n<h5 style=\"text-align: center;\"><a href=\"https:\/\/www.varriale.com\/fr\/pieces-de-rechange-lombardini-15ld-350\/\">Pi\u00e8ces de rechange Lombardini 15ld 350<\/a><\/h5>\n<p>[\/vc_column_text][vc_empty_space height=\u00a0\u00bb10px\u00a0\u00bb][\/vc_column][vc_column width=\u00a0\u00bb1\/6&Prime;][vc_single_image image=\u00a0\u00bb17086&Prime; img_size=\u00a0\u00bbfull\u00a0\u00bb alignment=\u00a0\u00bbcenter\u00a0\u00bb onclick=\u00a0\u00bbcustom_link\u00a0\u00bb link=\u00a0\u00bbhttps:\/\/www.varriale.com\/fr\/pieces-de-rechange-lombardini-15ld-400\/\u00a0\u00bb][vc_empty_space height=\u00a0\u00bb10px\u00a0\u00bb][vc_column_text]<\/p>\n<h5 style=\"text-align: center;\"><a href=\"https:\/\/www.varriale.com\/fr\/pieces-de-rechange-lombardini-15ld-400\/\">Pi\u00e8ces de rechange Lombardini 15ld 400<\/a><\/h5>\n<p>[\/vc_column_text][vc_empty_space height=\u00a0\u00bb10px\u00a0\u00bb][\/vc_column][vc_column width=\u00a0\u00bb1\/6&Prime;][vc_single_image image=\u00a0\u00bb17087&Prime; img_size=\u00a0\u00bbfull\u00a0\u00bb alignment=\u00a0\u00bbcenter\u00a0\u00bb onclick=\u00a0\u00bbcustom_link\u00a0\u00bb link=\u00a0\u00bbhttps:\/\/www.varriale.com\/fr\/pieces-de-rechange-lombardini-15ld-440\/\u00a0\u00bb][vc_empty_space height=\u00a0\u00bb10px\u00a0\u00bb][vc_column_text]<\/p>\n<h5 style=\"text-align: center;\"><a href=\"https:\/\/www.varriale.com\/fr\/pieces-de-rechange-lombardini-15ld-440\/\">Pi\u00e8ces de rechange Lombardini 15ld 440<\/a><\/h5>\n<p>[\/vc_column_text][vc_empty_space height=\u00a0\u00bb10px\u00a0\u00bb][\/vc_column][vc_column width=\u00a0\u00bb1\/6&Prime;][vc_single_image image=\u00a0\u00bb17088&Prime; img_size=\u00a0\u00bbfull\u00a0\u00bb alignment=\u00a0\u00bbcenter\u00a0\u00bb onclick=\u00a0\u00bbcustom_link\u00a0\u00bb link=\u00a0\u00bbhttps:\/\/www.varriale.com\/fr\/pieces-de-rechange-lombardini-15ld-500\/\u00a0\u00bb][vc_empty_space height=\u00a0\u00bb10px\u00a0\u00bb][vc_column_text]<\/p>\n<h5 style=\"text-align: center;\"><a href=\"https:\/\/www.varriale.com\/fr\/pieces-de-rechange-lombardini-15ld-500\/\">Pi\u00e8ces de rechange Lombardini 15ld 500<\/a><\/h5>\n<p>[\/vc_column_text][vc_empty_space height=\u00a0\u00bb10px\u00a0\u00bb][\/vc_column][\/vc_row][vc_row][vc_column][vc_empty_space height=\u00a0\u00bb10px\u00a0\u00bb][vc_column_text]<strong>Pi\u00e8ces de rechange disponibles<\/strong><br \/>\nadmission et \u00e9chappement &#8211; bielle\/ piston\/ vilebrequin \/ volant\/ charretier\/ flangingn &#8211; culasse\/ vilebrequin \/ volant.\/ valves\/ distribution\/ speed governor &#8211; les contr\u00f4les\/ lubrification syst\u00e8me &#8211; Syst\u00e8me de carburant &#8211; syst\u00e8me de refroidissement\/ d\u00e9marrage &#8211; table de vilebrequin\/blocs moteurs &#8211; bloc moteur[\/vc_column_text][\/vc_column][\/vc_row]<\/p>\n","protected":false},"excerpt":{"rendered":"<p>[vc_row][vc_column width=\u00a0\u00bb2\/3&Prime;][vc_column_text] Disponible une large gamme de pi\u00e8ces d\u00e9tach\u00e9es Lombardini 15ld Nous sommes les principaux distributeurs europ\u00e9ens de pi\u00e8ces d\u00e9tach\u00e9es Lombardini 15ld .Varriale Snc : moteurs Lombardini et pi\u00e8ces d\u00e9tach\u00e9es partout et pour tous les besoins. Contactez-nous pour un devis gratuit au +39 081.5936838 ou par e-mail \u00e0 info@varriale.com[\/vc_column_text][vc_empty_space height=\u00a0\u00bb10px\u00a0\u00bb][vc_empty_space height=\u00a0\u00bb20px\u00a0\u00bb][\/vc_column][vc_column width=\u00a0\u00bb1\/3&Prime;][vc_single_image image=\u00a0\u00bb16743&Prime; img_size=\u00a0\u00bbfull\u00a0\u00bb style=\u00a0\u00bbvc_box_outline\u00a0\u00bb&hellip;<\/p>\n","protected":false},"author":1,"featured_media":0,"parent":16742,"menu_order":0,"comment_status":"closed","ping_status":"closed","template":"","meta":[],"yoast_head":"<!-- This site is optimized with the Yoast SEO plugin v15.8 - https:\/\/yoast.com\/wordpress\/plugins\/seo\/ -->\n<title>Pi\u00e8ces de rechange Lombardini 15ld, moteur Lombardini 15ld, pi\u00e8ces de rechange moteur lombardini 15ld \u00e0 vendre, fournisseurs de pi\u00e8ces de rechange lombardini 15ld, prix des pi\u00e8ces de rechange moteur lombardini 15ld<\/title>\n<meta name=\"description\" content=\"Pi\u00e8ces de rechange Lombardini 15ld, moteur Lombardini 15ld, pi\u00e8ces de rechange moteur lombardini 15ld \u00e0 vendre, fournisseurs de pi\u00e8ces de rechange lombardini 15ld, prix des pi\u00e8ces de rechange moteur lombardini 15ld\" \/>\n<meta name=\"robots\" content=\"index, follow, max-snippet:-1, max-image-preview:large, max-video-preview:-1\" \/>\n<link rel=\"canonical\" href=\"https:\/\/www.varriale.com\/fr\/pieces-de-rechange-lombardini\/pieces-de-rechange-lombardini-15ld\/\" \/>\n<meta property=\"og:locale\" content=\"fr_FR\" \/>\n<meta property=\"og:type\" content=\"article\" \/>\n<meta property=\"og:title\" content=\"Pi\u00e8ces de rechange Lombardini 15ld, moteur Lombardini 15ld, pi\u00e8ces de rechange moteur lombardini 15ld \u00e0 vendre, fournisseurs de pi\u00e8ces de rechange lombardini 15ld, prix des pi\u00e8ces de rechange moteur lombardini 15ld\" \/>\n<meta property=\"og:description\" content=\"Pi\u00e8ces de rechange Lombardini 15ld, moteur Lombardini 15ld, pi\u00e8ces de rechange moteur lombardini 15ld \u00e0 vendre, fournisseurs de pi\u00e8ces de rechange lombardini 15ld, prix des pi\u00e8ces de rechange moteur lombardini 15ld\" \/>\n<meta property=\"og:url\" content=\"https:\/\/www.varriale.com\/fr\/pieces-de-rechange-lombardini\/pieces-de-rechange-lombardini-15ld\/\" \/>\n<meta property=\"og:site_name\" content=\"Varriale\" \/>\n<meta property=\"article:modified_time\" content=\"2022-07-13T10:00:43+00:00\" \/>\n<meta name=\"twitter:card\" content=\"summary_large_image\" \/>\n<meta name=\"twitter:label1\" content=\"Est. reading time\">\n\t<meta name=\"twitter:data1\" content=\"1 minute\">\n<script type=\"application\/ld+json\" class=\"yoast-schema-graph\">{\"@context\":\"https:\/\/schema.org\",\"@graph\":[{\"@type\":\"WebSite\",\"@id\":\"https:\/\/www.varriale.com\/fr\/#website\",\"url\":\"https:\/\/www.varriale.com\/fr\/\",\"name\":\"Varriale\",\"description\":\"Moteurs et pi\\u00e8ces d\\u00e9tach\\u00e9es\",\"potentialAction\":[{\"@type\":\"SearchAction\",\"target\":\"https:\/\/www.varriale.com\/fr\/?s={search_term_string}\",\"query-input\":\"required name=search_term_string\"}],\"inLanguage\":\"fr-FR\"},{\"@type\":\"WebPage\",\"@id\":\"https:\/\/www.varriale.com\/fr\/pieces-de-rechange-lombardini\/pieces-de-rechange-lombardini-15ld\/#webpage\",\"url\":\"https:\/\/www.varriale.com\/fr\/pieces-de-rechange-lombardini\/pieces-de-rechange-lombardini-15ld\/\",\"name\":\"Pi\\u00e8ces de rechange Lombardini 15ld, moteur Lombardini 15ld, pi\\u00e8ces de rechange moteur lombardini 15ld \\u00e0 vendre, fournisseurs de pi\\u00e8ces de rechange lombardini 15ld, prix des pi\\u00e8ces de rechange moteur lombardini 15ld\",\"isPartOf\":{\"@id\":\"https:\/\/www.varriale.com\/fr\/#website\"},\"datePublished\":\"2021-04-23T07:35:37+00:00\",\"dateModified\":\"2022-07-13T10:00:43+00:00\",\"description\":\"Pi\\u00e8ces de rechange Lombardini 15ld, moteur Lombardini 15ld, pi\\u00e8ces de rechange moteur lombardini 15ld \\u00e0 vendre, fournisseurs de pi\\u00e8ces de rechange lombardini 15ld, prix des pi\\u00e8ces de rechange moteur lombardini 15ld\",\"breadcrumb\":{\"@id\":\"https:\/\/www.varriale.com\/fr\/pieces-de-rechange-lombardini\/pieces-de-rechange-lombardini-15ld\/#breadcrumb\"},\"inLanguage\":\"fr-FR\",\"potentialAction\":[{\"@type\":\"ReadAction\",\"target\":[\"https:\/\/www.varriale.com\/fr\/pieces-de-rechange-lombardini\/pieces-de-rechange-lombardini-15ld\/\"]}]},{\"@type\":\"BreadcrumbList\",\"@id\":\"https:\/\/www.varriale.com\/fr\/pieces-de-rechange-lombardini\/pieces-de-rechange-lombardini-15ld\/#breadcrumb\",\"itemListElement\":[{\"@type\":\"ListItem\",\"position\":1,\"item\":{\"@type\":\"WebPage\",\"@id\":\"https:\/\/www.varriale.com\/fr\/\",\"url\":\"https:\/\/www.varriale.com\/fr\/\",\"name\":\"Home\"}},{\"@type\":\"ListItem\",\"position\":2,\"item\":{\"@type\":\"WebPage\",\"@id\":\"https:\/\/www.varriale.com\/fr\/pieces-de-rechange-lombardini\/\",\"url\":\"https:\/\/www.varriale.com\/fr\/pieces-de-rechange-lombardini\/\",\"name\":\"Pi\\u00e8ces de rechange Lombardini\"}},{\"@type\":\"ListItem\",\"position\":3,\"item\":{\"@type\":\"WebPage\",\"@id\":\"https:\/\/www.varriale.com\/fr\/pieces-de-rechange-lombardini\/pieces-de-rechange-lombardini-15ld\/\",\"url\":\"https:\/\/www.varriale.com\/fr\/pieces-de-rechange-lombardini\/pieces-de-rechange-lombardini-15ld\/\",\"name\":\"Pi\\u00e8ces de rechange Lombardini 15ld\"}}]}]}<\/script>\n<!-- \/ Yoast SEO plugin. -->","_links":{"self":[{"href":"https:\/\/www.varriale.com\/fr\/wp-json\/wp\/v2\/pages\/17082"}],"collection":[{"href":"https:\/\/www.varriale.com\/fr\/wp-json\/wp\/v2\/pages"}],"about":[{"href":"https:\/\/www.varriale.com\/fr\/wp-json\/wp\/v2\/types\/page"}],"author":[{"embeddable":true,"href":"https:\/\/www.varriale.com\/fr\/wp-json\/wp\/v2\/users\/1"}],"replies":[{"embeddable":true,"href":"https:\/\/www.varriale.com\/fr\/wp-json\/wp\/v2\/comments?post=17082"}],"version-history":[{"count":0,"href":"https:\/\/www.varriale.com\/fr\/wp-json\/wp\/v2\/pages\/17082\/revisions"}],"up":[{"embeddable":true,"href":"https:\/\/www.varriale.com\/fr\/wp-json\/wp\/v2\/pages\/16742"}],"wp:attachment":[{"href":"https:\/\/www.varriale.com\/fr\/wp-json\/wp\/v2\/media?parent=17082"}],"curies":[{"name":"wp","href":"https:\/\/api.w.org\/{rel}","templated":true}]}}