{"id":17431,"date":"2021-04-24T11:21:07","date_gmt":"2021-04-24T09:21:07","guid":{"rendered":"https:\/\/www.varriale.com\/fr\/?page_id=17431"},"modified":"2021-08-05T11:17:38","modified_gmt":"2021-08-05T09:17:38","slug":"pieces-de-rechange-pour-jdm-titane-serie-iii","status":"publish","type":"page","link":"https:\/\/www.varriale.com\/fr\/pieces-de-rechange-minicars\/pieces-de-rechange-pour-jdm-titane-serie-iii\/","title":{"rendered":"Pi\u00e8ces de rechange pour Jdm Titane serie III"},"content":{"rendered":"<p>[vc_row][vc_column width=\u00a0\u00bb2\/3&Prime;][vc_column_text]<\/p>\n<h4>Pi\u00e8ces d\u00e9tach\u00e9es pour citadines, minicars, voitures \u00e0 licence libre, petites voitures<\/h4>\n<p>Pour toutes les mini-voitures \u00e9quip\u00e9es de moteurs Lombardini, nous proposons : moteurs complets, toutes les pi\u00e8ces de rechange m\u00e9caniques, courroies de transmission, supports \u00e9lastiques, freins \u00e0 tablettes, amortisseurs, radiateurs, feux, gradateurs complets, etc.[\/vc_column_text][vc_empty_space height=\u00a0\u00bb10px\u00a0\u00bb]<div id=\"modal-trg-txt-wrap-8182\" class=\"ult-modal-input-wrapper ult-adjust-bottom-margin    \" data-keypress-control=\"keypress-control-enable\" data-overlay-control=\"overlay-control-enable\"><style>\n\t\t\t\t\t.btn-modal.btn-id-69fa2c1f28d1d5-94419700:hover {\n\t\t\t\t\t\tbackground-color: #f7b738 !important;\n\t\t\t\t\t}\n\t\t\t\t\t<\/style><button  data-ultimate-target='#modal-trg-txt-wrap-8182 .btn-modal'  data-responsive-json-new='{\"font-size\":\"\",\"line-height\":\"\"}'  style=\"background:#f7a600;border-color:#f7a600;color:#ffffff; font-family:&#039;Fira Sans&#039;;font-weight:500;\" data-class-id=\"content-69fa2c1f28d1d5-94419700\" class=\"btn-modal ult-responsive btn-primary btn-modal-md overlay-show ult-align-left btn-id-69fa2c1f28d1d5-94419700\" data-overlay-class=\"overlay-zoomin\">Demander un devis<\/button><\/div>\n<div class=\"ult-overlay content-69fa2c1f28d1d5-94419700 \" data-class=\"content-69fa2c1f28d1d5-94419700\" id=\"button-click-overlay\" style=\"background:rgba(51,51,51,0.8); display:none;\">\n\t<div class=\"ult_modal ult-fade ult-small\">\n\t\t<div id=\"ult-modal-wrap-3379\" class=\"ult_modal-content ult-hide\" style=\"border-style:solid;border-width:2px;border-radius:0px;border-color:#333333;\">\n\t\t\t<div class=\"ult_modal-header\" style=\"background:#f7a600;color:#ffffff;border-color:#333333;\">\n\t\t\t\t<div class=\"modal-icon\"><i class=\"icomoon-the7-font-the7-mail-01\"><\/i><\/div><h3  data-ultimate-target='#ult-modal-wrap-3379 .ult_modal-title'  data-responsive-json-new='{\"font-size\":\"\",\"line-height\":\"\"}'  class=\"ult_modal-title ult-responsive\">Demandez un devis gratuit<\/h3>\n\t\t\t<\/div>\n\t\t\t<div  data-ultimate-target='#ult-modal-wrap-3379 .ult_modal-body'  data-responsive-json-new='{\"font-size\":\"\",\"line-height\":\"\"}'  class=\"ult_modal-body ult-responsive ult-html\" style=\"\">\n\t\t\t<div role=\"form\" class=\"wpcf7\" id=\"wpcf7-f15381-o1\" lang=\"it-IT\" dir=\"ltr\">\n<div class=\"screen-reader-response\"><p role=\"status\" aria-live=\"polite\" aria-atomic=\"true\"><\/p> <ul><\/ul><\/div>\n<form action=\"\/fr\/wp-json\/wp\/v2\/pages\/17431#wpcf7-f15381-o1\" method=\"post\" class=\"wpcf7-form init\" novalidate=\"novalidate\" data-status=\"init\">\n<div style=\"display: none;\">\n<input type=\"hidden\" name=\"_wpcf7\" value=\"15381\" \/>\n<input type=\"hidden\" name=\"_wpcf7_version\" value=\"5.3.2\" \/>\n<input type=\"hidden\" name=\"_wpcf7_locale\" value=\"it_IT\" \/>\n<input type=\"hidden\" name=\"_wpcf7_unit_tag\" value=\"wpcf7-f15381-o1\" \/>\n<input type=\"hidden\" name=\"_wpcf7_container_post\" value=\"0\" \/>\n<input type=\"hidden\" name=\"_wpcf7_posted_data_hash\" value=\"\" \/>\n<input type=\"hidden\" name=\"_wpcf7_recaptcha_response\" value=\"\" \/>\n<\/div>\n<div class=\"vc_row wpb_row vc_row-fluid\">\n<div class=\"wpb_column vc_column_container vc_col-sm-6\">\n<div class=\"vc_column-inner\">\n<div class=\"wpb_wrapper\">\n<p><span class=\"wpcf7-form-control-wrap azienda\"><input type=\"text\" name=\"azienda\" value=\"\" size=\"40\" class=\"wpcf7-form-control wpcf7-text wpcf7-validates-as-required\" aria-required=\"true\" aria-invalid=\"false\" placeholder=\"Entreprise*\" \/><\/span><\/p>\n<\/div>\n<\/div>\n<\/div>\n<div class=\"wpb_column vc_column_container vc_col-sm-6\">\n<div class=\"vc_column-inner\">\n<div class=\"wpb_wrapper\">\n<p><span class=\"wpcf7-form-control-wrap nome\"><input type=\"text\" name=\"nome\" value=\"\" size=\"40\" class=\"wpcf7-form-control wpcf7-text wpcf7-validates-as-required\" aria-required=\"true\" aria-invalid=\"false\" placeholder=\"Nom*\" \/><\/span><\/p>\n<\/div>\n<\/div>\n<\/div>\n<\/div>\n<div class=\"vc_row wpb_row vc_row-fluid\">\n<div class=\"wpb_column vc_column_container vc_col-sm-6\">\n<div class=\"vc_column-inner\">\n<div class=\"wpb_wrapper\">\n<p><span class=\"wpcf7-form-control-wrap citta\"><input type=\"text\" name=\"citta\" value=\"\" size=\"40\" class=\"wpcf7-form-control wpcf7-text wpcf7-validates-as-required\" aria-required=\"true\" aria-invalid=\"false\" placeholder=\"Ville*\" \/><\/span><\/p>\n<\/div>\n<\/div>\n<\/div>\n<div class=\"wpb_column vc_column_container vc_col-sm-6\">\n<div class=\"vc_column-inner\">\n<div class=\"wpb_wrapper\">\n<p><span class=\"wpcf7-form-control-wrap nazione\"><input type=\"text\" name=\"nazione\" value=\"\" size=\"40\" class=\"wpcf7-form-control wpcf7-text wpcf7-validates-as-required\" aria-required=\"true\" aria-invalid=\"false\" placeholder=\"De campagne*\" \/><\/span><\/p>\n<\/div>\n<\/div>\n<\/div>\n<\/div>\n<div class=\"vc_row wpb_row vc_row-fluid\">\n<div class=\"wpb_column vc_column_container vc_col-sm-6\">\n<div class=\"vc_column-inner\">\n<div class=\"wpb_wrapper\">\n<p><span class=\"wpcf7-form-control-wrap your-email\"><input type=\"email\" name=\"your-email\" value=\"\" size=\"40\" class=\"wpcf7-form-control wpcf7-text wpcf7-email wpcf7-validates-as-required wpcf7-validates-as-email\" aria-required=\"true\" aria-invalid=\"false\" placeholder=\"E-mail*\" \/><\/span><\/p>\n<\/div>\n<\/div>\n<\/div>\n<div class=\"wpb_column vc_column_container vc_col-sm-6\">\n<div class=\"vc_column-inner\">\n<div class=\"wpb_wrapper\">\n<p><span class=\"wpcf7-form-control-wrap telefono\"><input type=\"tel\" name=\"telefono\" value=\"\" size=\"40\" class=\"wpcf7-form-control wpcf7-text wpcf7-tel wpcf7-validates-as-required wpcf7-validates-as-tel\" aria-required=\"true\" aria-invalid=\"false\" placeholder=\"T\u00e9l\u00e9phone*\" \/><\/span><\/p>\n<\/div>\n<\/div>\n<\/div>\n<\/div>\n<div class=\"vc_row wpb_row vc_row-fluid\">\n<div class=\"wpb_column vc_column_container vc_col-sm-12\">\n<div class=\"vc_column-inner\">\n<div class=\"wpb_wrapper\">\n<p><span class=\"wpcf7-form-control-wrap your-message\"><textarea name=\"your-message\" cols=\"40\" rows=\"8\" class=\"wpcf7-form-control wpcf7-textarea wpcf7-validates-as-required\" aria-required=\"true\" aria-invalid=\"false\" placeholder=\"Votre message*\"><\/textarea><\/span><\/p>\n<\/div>\n<\/div>\n<\/div>\n<\/div>\n<p><input type=\"submit\" value=\"Envoyer le message\" class=\"wpcf7-form-control wpcf7-submit\" \/><\/p>\n<div style=\"font-size:13px\">This site is protected by reCAPTCHA, <a href=\"https:\/\/policies.google.com\/privacy\" target=\"_blank\">Privacy Policy<\/a> e <a href=\"https:\/\/policies.google.com\/terms\" target=\"_blank\">Terms of Service<\/a> by Google.<\/div>\n<div class=\"wpcf7-response-output\" aria-hidden=\"true\"><\/div><\/form><\/div>\n\t\t\t<\/div>\n\t<\/div>\n\t<\/div>\n\t<div class=\"ult-overlay-close top-right\" style=\"width:80px;height:80px; \"><div class=\"ult-overlay-close-inside\">Close<\/div><\/div>\n<\/div>[vc_empty_space height=\u00a0\u00bb20px\u00a0\u00bb][\/vc_column][vc_column width=\u00a0\u00bb1\/3&Prime;][vc_single_image image=\u00a0\u00bb17237&Prime; img_size=\u00a0\u00bbfull\u00a0\u00bb alignment=\u00a0\u00bbcenter\u00a0\u00bb][vc_empty_space height=\u00a0\u00bb20px\u00a0\u00bb][\/vc_column][\/vc_row][vc_row][vc_column][vc_empty_space height=\u00a0\u00bb20px\u00a0\u00bb][vc_column_text]<\/p>\n<table class=\"dcf-table dcf-table-responsive dcf-table-bordered dcf-table-striped dcf-w-100%\">\n<tbody>\n<tr>\n<td>Ceintures pour Jdm Titane serie III<\/td>\n<\/tr>\n<tr>\n<td>Courroies de variateur pour Jdm Titane serie III<\/td>\n<\/tr>\n<tr>\n<td>Courroies de distribution pour Jdm Titane serie III<\/td>\n<\/tr>\n<tr>\n<td>Ceintures pour citycar Jdm Titane serie III<\/td>\n<\/tr>\n<tr>\n<td>Suspensions pour minicar Jdm Titane serie III<\/td>\n<\/tr>\n<tr>\n<td>Amortisseurs pour Jdm Titane serie III<\/td>\n<\/tr>\n<tr>\n<td>Original pi\u00e8ces de rechange Lombardini for Jdm Titane serie III<\/td>\n<\/tr>\n<tr>\n<td>Kit masses carbone pour Jdm Titane serie III<\/td>\n<\/tr>\n<tr>\n<td>Poulies c\u00f4t\u00e9 moteur pour Jdm Titane serie III<\/td>\n<\/tr>\n<tr>\n<td>Pi\u00e8ces d\u00e9tach\u00e9es pour moteurs citycar Jdm Titane serie III<\/td>\n<\/tr>\n<tr>\n<td>Vanne thermostatique pour Jdm Titane serie III<\/td>\n<\/tr>\n<tr>\n<td>Joint de culasse pour Jdm Titane serie III<\/td>\n<\/tr>\n<tr>\n<td>Kit joint moteur pour Jdm Titane serie III<\/td>\n<\/tr>\n<tr>\n<td>Radiateurs pour Jdm Titane serie III<\/td>\n<\/tr>\n<tr>\n<td>Variateurs complets pour Jdm Titane serie III<\/td>\n<\/tr>\n<tr>\n<td>Kit de tampons avec poids for Jdm Titane serie III<\/td>\n<\/tr>\n<tr>\n<td>Pr\u00e9chauffer les bougies pour Jdm Titane serie III<\/td>\n<\/tr>\n<tr>\n<td>Ventilateurs daspiration pour Jdm Titane serie III<\/td>\n<\/tr>\n<tr>\n<td>Poulies de changement de vitesse de voiture pour Jdm Titane serie III<\/td>\n<\/tr>\n<tr>\n<td>Syst\u00e8me de freinage pour quadricycles Jdm Titane serie III<\/td>\n<\/tr>\n<tr>\n<td>Freins avant pour Jdm Titane serie III<\/td>\n<\/tr>\n<tr>\n<td>Freins arri\u00e8re pour Jdm Titane serie III<\/td>\n<\/tr>\n<tr>\n<td>Kit syst\u00e8me de freinage pour Jdm Titane serie III<\/td>\n<\/tr>\n<tr>\n<td>Pompes \u00e9lectriques A\/C pour Jdm Titane serie III<\/td>\n<\/tr>\n<tr>\n<td>Changement de voiture pour Jdm Titane serie III<\/td>\n<\/tr>\n<tr>\n<td>Changement de voiture pour lumi\u00e8res voiture Jdm Titane serie III<\/td>\n<\/tr>\n<tr>\n<td>Supports \u00e9lastiques pour Jdm Titane serie III<\/td>\n<\/tr>\n<tr>\n<td>Variateurs de vitesse pour Jdm Titane serie III<\/td>\n<\/tr>\n<tr>\n<td>Antivibration supports pour Jdm Titane serie III<\/td>\n<\/tr>\n<tr>\n<td>Phares pour Jdm Titane serie III<\/td>\n<\/tr>\n<tr>\n<td>Cartouches filtrantes pour moteurs diesel pour Jdm Titane serie III<\/td>\n<\/tr>\n<tr>\n<td>Cartouches de filtre \u00e0 air moteur pour Jdm Titane serie III<\/td>\n<\/tr>\n<tr>\n<td>Engrenage diff\u00e9rentiel pour Jdm Titane serie III<\/td>\n<\/tr>\n<\/tbody>\n<\/table>\n<p>[\/vc_column_text][\/vc_column][\/vc_row][vc_row full_width=\u00a0\u00bbstretch_row\u00a0\u00bb css=\u00a0\u00bb.vc_custom_1614966188898{margin-top: 60px !important;margin-bottom: -65px !important;padding-top: 45px !important;padding-bottom: 20px !important;background-color: #f6f6f6 !important;}\u00a0\u00bb][vc_column width=\u00a0\u00bb1\/3&Prime;]<div class=\"aio-icon-component  vc_custom_1614966070363  accent-icon-bg style_1\"><div id=\"Info-box-wrap-9040\" class=\"aio-icon-box left-icon\" style=\"\"  ><div class=\"aio-icon-left\"><div class=\"ult-just-icon-wrapper  \"><div class=\"align-icon\" style=\"text-align:center;\">\n<div class=\"aio-icon advanced \"  style=\"color:#ffffff;background:#ffffff;border-style:;border-color:#333333;border-width:1px;width:40px;height:40px;line-height:40px;border-radius:500px;font-size:20px;display:inline-block;\">\n\t<i class=\"fas fa-award\"><\/i>\n<\/div><\/div><\/div><\/div><div class=\"aio-ibd-block\"><div class=\"aio-icon-header\" ><h3 class=\"aio-icon-title ult-responsive\"  data-ultimate-target='#Info-box-wrap-9040 .aio-icon-title'  data-responsive-json-new='{\"font-size\":\"desktop:16px;\",\"line-height\":\"desktop:26px;\"}'  style=\"font-weight:bold;\">Marques de confiance<\/h3><\/div> <!-- header --><div class=\"aio-icon-description ult-responsive\"  data-ultimate-target='#Info-box-wrap-9040 .aio-icon-description'  data-responsive-json-new='{\"font-size\":\"\",\"line-height\":\"\"}'  style=\"\">Nous garantissons une qualit\u00e9 et une efficacit\u00e9 \u00e9lev\u00e9es, avec des produits de grandes marques.<\/div> <!-- description --><\/div> <!-- aio-ibd-block --><\/div> <!-- aio-icon-box --><\/div> <!-- aio-icon-component -->[vc_empty_space height=\u00a0\u00bb5px\u00a0\u00bb][\/vc_column][vc_column width=\u00a0\u00bb1\/3&Prime;]<div class=\"aio-icon-component  vc_custom_1613146344105  accent-icon-bg style_1\"><div id=\"Info-box-wrap-1929\" class=\"aio-icon-box left-icon\" style=\"\"  ><div class=\"aio-icon-left\"><div class=\"ult-just-icon-wrapper  \"><div class=\"align-icon\" style=\"text-align:center;\">\n<div class=\"aio-icon advanced \"  style=\"color:#ffffff;background:#ffffff;border-style:;border-color:#333333;border-width:1px;width:40px;height:40px;line-height:40px;border-radius:500px;font-size:20px;display:inline-block;\">\n\t<i class=\"icomoon-font-awesome-14x14-star\"><\/i>\n<\/div><\/div><\/div><\/div><div class=\"aio-ibd-block\"><div class=\"aio-icon-header\" ><h3 class=\"aio-icon-title ult-responsive\"  data-ultimate-target='#Info-box-wrap-1929 .aio-icon-title'  data-responsive-json-new='{\"font-size\":\"desktop:16px;\",\"line-height\":\"desktop:26px;\"}'  style=\"font-weight:bold;\">Large gamme de produits<\/h3><\/div> <!-- header --><div class=\"aio-icon-description ult-responsive\"  data-ultimate-target='#Info-box-wrap-1929 .aio-icon-description'  data-responsive-json-new='{\"font-size\":\"\",\"line-height\":\"\"}'  style=\"\">Une large gamme de produits, tous de la plus haute qualit\u00e9, sont \u00e0 la disposition de nos clients.<\/div> <!-- description --><\/div> <!-- aio-ibd-block --><\/div> <!-- aio-icon-box --><\/div> <!-- aio-icon-component -->[vc_empty_space height=\u00a0\u00bb5px\u00a0\u00bb][\/vc_column][vc_column width=\u00a0\u00bb1\/3&Prime;]<div class=\"aio-icon-component  vc_custom_1614965793066  accent-icon-bg style_1\"><div id=\"Info-box-wrap-9686\" class=\"aio-icon-box left-icon\" style=\"\"  ><div class=\"aio-icon-left\"><div class=\"ult-just-icon-wrapper  \"><div class=\"align-icon\" style=\"text-align:center;\">\n<div class=\"aio-icon advanced \"  style=\"color:#ffffff;background:#ffffff;border-style:;border-color:#333333;border-width:1px;width:40px;height:40px;line-height:40px;border-radius:500px;font-size:20px;display:inline-block;\">\n\t<i class=\"icomoon-font-awesome-14x14-thumbs-o-up\"><\/i>\n<\/div><\/div><\/div><\/div><div class=\"aio-ibd-block\"><div class=\"aio-icon-header\" ><h3 class=\"aio-icon-title ult-responsive\"  data-ultimate-target='#Info-box-wrap-9686 .aio-icon-title'  data-responsive-json-new='{\"font-size\":\"desktop:16px;\",\"line-height\":\"desktop:26px;\"}'  style=\"font-weight:bold;\">Soutien technique<\/h3><\/div> <!-- header --><div class=\"aio-icon-description ult-responsive\"  data-ultimate-target='#Info-box-wrap-9686 .aio-icon-description'  data-responsive-json-new='{\"font-size\":\"\",\"line-height\":\"\"}'  style=\"\">Contactez-nous pour tout besoin et vous serez imm\u00e9diatement pris en charge par notre personnel sp\u00e9cialis\u00e9.<\/div> <!-- description --><\/div> <!-- aio-ibd-block --><\/div> <!-- aio-icon-box --><\/div> <!-- aio-icon-component -->[vc_empty_space height=\u00a0\u00bb5px\u00a0\u00bb][\/vc_column][\/vc_row]<\/p>\n","protected":false},"excerpt":{"rendered":"<p>[vc_row][vc_column width=\u00a0\u00bb2\/3&Prime;][vc_column_text] Pi\u00e8ces d\u00e9tach\u00e9es pour citadines, minicars, voitures \u00e0 licence libre, petites voitures Pour toutes les mini-voitures \u00e9quip\u00e9es de moteurs Lombardini, nous proposons : moteurs complets, toutes les pi\u00e8ces de rechange m\u00e9caniques, courroies de transmission, supports \u00e9lastiques, freins \u00e0 tablettes, amortisseurs, radiateurs, feux, gradateurs complets, etc.[\/vc_column_text][vc_empty_space height=\u00a0\u00bb10px\u00a0\u00bb][vc_empty_space height=\u00a0\u00bb20px\u00a0\u00bb][\/vc_column][vc_column width=\u00a0\u00bb1\/3&Prime;][vc_single_image image=\u00a0\u00bb17237&Prime; img_size=\u00a0\u00bbfull\u00a0\u00bb alignment=\u00a0\u00bbcenter\u00a0\u00bb][vc_empty_space height=\u00a0\u00bb20px\u00a0\u00bb][\/vc_column][\/vc_row][vc_row][vc_column][vc_empty_space height=\u00a0\u00bb20px\u00a0\u00bb][vc_column_text] Ceintures&hellip;<\/p>\n","protected":false},"author":1,"featured_media":0,"parent":17236,"menu_order":0,"comment_status":"closed","ping_status":"closed","template":"","meta":[],"yoast_head":"<!-- This site is optimized with the Yoast SEO plugin v15.8 - https:\/\/yoast.com\/wordpress\/plugins\/seo\/ -->\n<title>Jdm Titane Serie III, Jdm Titane Serie III pi\u00e8ces de rechange, Jdm Titane Serie III \u00e0 vendre, Jdm Titane Serie III pi\u00e8ces de rechange fournisseurs, Jdm Titane Serie III pi\u00e8ces de rechange prix<\/title>\n<meta name=\"description\" content=\"Jdm Titane Serie III, Jdm Titane Serie III pi\u00e8ces de rechange, Jdm Titane Serie III \u00e0 vendre, Jdm Titane Serie III pi\u00e8ces de rechange fournisseurs, Jdm Titane Serie III pi\u00e8ces de rechange prix\" \/>\n<meta name=\"robots\" content=\"index, follow, max-snippet:-1, max-image-preview:large, max-video-preview:-1\" \/>\n<link rel=\"canonical\" href=\"https:\/\/www.varriale.com\/fr\/pieces-de-rechange-minicars\/pieces-de-rechange-pour-jdm-titane-serie-iii\/\" \/>\n<meta property=\"og:locale\" content=\"fr_FR\" \/>\n<meta property=\"og:type\" content=\"article\" \/>\n<meta property=\"og:title\" content=\"Jdm Titane Serie III, Jdm Titane Serie III pi\u00e8ces de rechange, Jdm Titane Serie III \u00e0 vendre, Jdm Titane Serie III pi\u00e8ces de rechange fournisseurs, Jdm Titane Serie III pi\u00e8ces de rechange prix\" \/>\n<meta property=\"og:description\" content=\"Jdm Titane Serie III, Jdm Titane Serie III pi\u00e8ces de rechange, Jdm Titane Serie III \u00e0 vendre, Jdm Titane Serie III pi\u00e8ces de rechange fournisseurs, Jdm Titane Serie III pi\u00e8ces de rechange prix\" \/>\n<meta property=\"og:url\" content=\"https:\/\/www.varriale.com\/fr\/pieces-de-rechange-minicars\/pieces-de-rechange-pour-jdm-titane-serie-iii\/\" \/>\n<meta property=\"og:site_name\" content=\"Varriale\" \/>\n<meta property=\"article:modified_time\" content=\"2021-08-05T09:17:38+00:00\" \/>\n<meta name=\"twitter:card\" content=\"summary_large_image\" \/>\n<meta name=\"twitter:label1\" content=\"Est. reading time\">\n\t<meta name=\"twitter:data1\" content=\"4 minutes\">\n<script type=\"application\/ld+json\" class=\"yoast-schema-graph\">{\"@context\":\"https:\/\/schema.org\",\"@graph\":[{\"@type\":\"WebSite\",\"@id\":\"https:\/\/www.varriale.com\/fr\/#website\",\"url\":\"https:\/\/www.varriale.com\/fr\/\",\"name\":\"Varriale\",\"description\":\"Moteurs et pi\\u00e8ces d\\u00e9tach\\u00e9es\",\"potentialAction\":[{\"@type\":\"SearchAction\",\"target\":\"https:\/\/www.varriale.com\/fr\/?s={search_term_string}\",\"query-input\":\"required name=search_term_string\"}],\"inLanguage\":\"fr-FR\"},{\"@type\":\"WebPage\",\"@id\":\"https:\/\/www.varriale.com\/fr\/pieces-de-rechange-minicars\/pieces-de-rechange-pour-jdm-titane-serie-iii\/#webpage\",\"url\":\"https:\/\/www.varriale.com\/fr\/pieces-de-rechange-minicars\/pieces-de-rechange-pour-jdm-titane-serie-iii\/\",\"name\":\"Jdm Titane Serie III, Jdm Titane Serie III pi\\u00e8ces de rechange, Jdm Titane Serie III \\u00e0 vendre, Jdm Titane Serie III pi\\u00e8ces de rechange fournisseurs, Jdm Titane Serie III pi\\u00e8ces de rechange prix\",\"isPartOf\":{\"@id\":\"https:\/\/www.varriale.com\/fr\/#website\"},\"datePublished\":\"2021-04-24T09:21:07+00:00\",\"dateModified\":\"2021-08-05T09:17:38+00:00\",\"description\":\"Jdm Titane Serie III, Jdm Titane Serie III pi\\u00e8ces de rechange, Jdm Titane Serie III \\u00e0 vendre, Jdm Titane Serie III pi\\u00e8ces de rechange fournisseurs, Jdm Titane Serie III pi\\u00e8ces de rechange prix\",\"breadcrumb\":{\"@id\":\"https:\/\/www.varriale.com\/fr\/pieces-de-rechange-minicars\/pieces-de-rechange-pour-jdm-titane-serie-iii\/#breadcrumb\"},\"inLanguage\":\"fr-FR\",\"potentialAction\":[{\"@type\":\"ReadAction\",\"target\":[\"https:\/\/www.varriale.com\/fr\/pieces-de-rechange-minicars\/pieces-de-rechange-pour-jdm-titane-serie-iii\/\"]}]},{\"@type\":\"BreadcrumbList\",\"@id\":\"https:\/\/www.varriale.com\/fr\/pieces-de-rechange-minicars\/pieces-de-rechange-pour-jdm-titane-serie-iii\/#breadcrumb\",\"itemListElement\":[{\"@type\":\"ListItem\",\"position\":1,\"item\":{\"@type\":\"WebPage\",\"@id\":\"https:\/\/www.varriale.com\/fr\/\",\"url\":\"https:\/\/www.varriale.com\/fr\/\",\"name\":\"Home\"}},{\"@type\":\"ListItem\",\"position\":2,\"item\":{\"@type\":\"WebPage\",\"@id\":\"https:\/\/www.varriale.com\/fr\/pieces-de-rechange-minicars\/\",\"url\":\"https:\/\/www.varriale.com\/fr\/pieces-de-rechange-minicars\/\",\"name\":\"Pi\\u00e8ces de rechange Minicars\"}},{\"@type\":\"ListItem\",\"position\":3,\"item\":{\"@type\":\"WebPage\",\"@id\":\"https:\/\/www.varriale.com\/fr\/pieces-de-rechange-minicars\/pieces-de-rechange-pour-jdm-titane-serie-iii\/\",\"url\":\"https:\/\/www.varriale.com\/fr\/pieces-de-rechange-minicars\/pieces-de-rechange-pour-jdm-titane-serie-iii\/\",\"name\":\"Pi\\u00e8ces de rechange pour Jdm Titane serie III\"}}]}]}<\/script>\n<!-- \/ Yoast SEO plugin. -->","_links":{"self":[{"href":"https:\/\/www.varriale.com\/fr\/wp-json\/wp\/v2\/pages\/17431"}],"collection":[{"href":"https:\/\/www.varriale.com\/fr\/wp-json\/wp\/v2\/pages"}],"about":[{"href":"https:\/\/www.varriale.com\/fr\/wp-json\/wp\/v2\/types\/page"}],"author":[{"embeddable":true,"href":"https:\/\/www.varriale.com\/fr\/wp-json\/wp\/v2\/users\/1"}],"replies":[{"embeddable":true,"href":"https:\/\/www.varriale.com\/fr\/wp-json\/wp\/v2\/comments?post=17431"}],"version-history":[{"count":0,"href":"https:\/\/www.varriale.com\/fr\/wp-json\/wp\/v2\/pages\/17431\/revisions"}],"up":[{"embeddable":true,"href":"https:\/\/www.varriale.com\/fr\/wp-json\/wp\/v2\/pages\/17236"}],"wp:attachment":[{"href":"https:\/\/www.varriale.com\/fr\/wp-json\/wp\/v2\/media?parent=17431"}],"curies":[{"name":"wp","href":"https:\/\/api.w.org\/{rel}","templated":true}]}}