{"id":17775,"date":"2021-06-10T11:24:24","date_gmt":"2021-06-10T09:24:24","guid":{"rendered":"https:\/\/www.varriale.com\/fr\/?page_id=17775"},"modified":"2022-07-14T18:32:59","modified_gmt":"2022-07-14T16:32:59","slug":"groupes-electrogenes","status":"publish","type":"page","link":"https:\/\/www.varriale.com\/fr\/groupes-electrogenes\/","title":{"rendered":"Groupes \u00e9lectrog\u00e8nes"},"content":{"rendered":"<p>[vc_row][vc_column width=\u00a0\u00bb1\/2&Prime;][vc_single_image image=\u00a0\u00bb16049&Prime; img_size=\u00a0\u00bb300&#215;150&Prime; alignment=\u00a0\u00bbcenter\u00a0\u00bb onclick=\u00a0\u00bbcustom_link\u00a0\u00bb link=\u00a0\u00bbhttps:\/\/www.varriale.com\/fr\/moteurs-lombardini-marine\/generateurs-lombardini\/\u00a0\u00bb][vc_empty_space height=\u00a0\u00bb20px\u00a0\u00bb][vc_column_text]<\/p>\n<h4><strong>G\u00e9n\u00e9rateur <\/strong>Lombardini<\/h4>\n<p>Lombardini Marine propose une large gamme de groupes \u00e9lectrog\u00e8nes silencieux, compacts et robustes \u00e9quip\u00e9s de moteurs diesel marins (LMG 4000\/6000 avec les moteurs de la s\u00e9rie LD et LMG 9000\/14000\/18000 avec les moteurs de la s\u00e9rie FOCS).[\/vc_column_text][vc_empty_space height=\u00a0\u00bb20px\u00a0\u00bb][vc_column_text]<style type=\"text\/css\" data-type=\"the7_shortcodes-inline-css\">#default-btn-25fd5deea1bbf0fcce891fa34ea503e3.ico-right-side > i {\n  margin-right: 0px;\n  margin-left: 8px;\n}\n#default-btn-25fd5deea1bbf0fcce891fa34ea503e3 > i {\n  margin-right: 8px;\n}\n#default-btn-25fd5deea1bbf0fcce891fa34ea503e3 * {\n  vertical-align: middle;\n}\n<\/style><a href=\"https:\/\/www.varriale.com\/fr\/moteurs-lombardini-marine\/generateurs-lombardini\/\" class=\"default-btn-shortcode dt-btn dt-btn-s link-hover-off btn-inline-left \" id=\"default-btn-25fd5deea1bbf0fcce891fa34ea503e3\"><span>Afficher les d\u00e9tails<\/span><\/a>[\/vc_column_text][vc_empty_space height=\u00a0\u00bb30px\u00a0\u00bb][\/vc_column][vc_column width=\u00a0\u00bb1\/2&Prime;][vc_single_image image=\u00a0\u00bb17767&Prime; img_size=\u00a0\u00bb300&#215;150&Prime; alignment=\u00a0\u00bbcenter\u00a0\u00bb onclick=\u00a0\u00bbcustom_link\u00a0\u00bb link=\u00a0\u00bbhttps:\/\/www.varriale.com\/fr\/groupes-electrogenes-kohler-sdmo\/\u00a0\u00bb][vc_empty_space height=\u00a0\u00bb20px\u00a0\u00bb][vc_column_text]<\/p>\n<h4>Groupes \u00e9lectrog\u00e8nes Kohler SDMO<\/h4>\n<p>Con\u00e7us pour les utilisateurs industriels, les groupes \u00e9lectrog\u00e8nes Kohler SDMO couvrent un large \u00e9ventail d&rsquo;applications et offrent une large gamme d&rsquo;options et de mises \u00e0 niveau pour r\u00e9pondre pleinement aux exigences de toutes les configurations.[\/vc_column_text][vc_empty_space height=\u00a0\u00bb20px\u00a0\u00bb][vc_column_text]<style type=\"text\/css\" data-type=\"the7_shortcodes-inline-css\">#default-btn-1354011c26264fa7ceae9dbc695b0361.ico-right-side > i {\n  margin-right: 0px;\n  margin-left: 8px;\n}\n#default-btn-1354011c26264fa7ceae9dbc695b0361 > i {\n  margin-right: 8px;\n}\n#default-btn-1354011c26264fa7ceae9dbc695b0361 * {\n  vertical-align: middle;\n}\n<\/style><a href=\"https:\/\/www.varriale.com\/fr\/groupes-electrogenes-kohler-sdmo\/\" class=\"default-btn-shortcode dt-btn dt-btn-s link-hover-off btn-inline-left \" id=\"default-btn-1354011c26264fa7ceae9dbc695b0361\"><span>Afficher les d\u00e9tails<\/span><\/a>[\/vc_column_text][vc_empty_space height=\u00a0\u00bb30px\u00a0\u00bb][\/vc_column][\/vc_row][vc_row full_width=\u00a0\u00bbstretch_row\u00a0\u00bb css=\u00a0\u00bb.vc_custom_1614966188898{margin-top: 60px !important;margin-bottom: -65px !important;padding-top: 45px !important;padding-bottom: 20px !important;background-color: #f6f6f6 !important;}\u00a0\u00bb][vc_column width=\u00a0\u00bb1\/3&Prime;]<div class=\"aio-icon-component  vc_custom_1614966070363  accent-icon-bg style_1\"><div id=\"Info-box-wrap-8257\" class=\"aio-icon-box left-icon\" style=\"\"  ><div class=\"aio-icon-left\"><div class=\"ult-just-icon-wrapper  \"><div class=\"align-icon\" style=\"text-align:center;\">\n<div class=\"aio-icon advanced \"  style=\"color:#ffffff;background:#ffffff;border-style:;border-color:#333333;border-width:1px;width:40px;height:40px;line-height:40px;border-radius:500px;font-size:20px;display:inline-block;\">\n\t<i class=\"fas fa-award\"><\/i>\n<\/div><\/div><\/div><\/div><div class=\"aio-ibd-block\"><div class=\"aio-icon-header\" ><h3 class=\"aio-icon-title ult-responsive\"  data-ultimate-target='#Info-box-wrap-8257 .aio-icon-title'  data-responsive-json-new='{\"font-size\":\"desktop:16px;\",\"line-height\":\"desktop:26px;\"}'  style=\"font-weight:bold;\">Marques de confiance<\/h3><\/div> <!-- header --><div class=\"aio-icon-description ult-responsive\"  data-ultimate-target='#Info-box-wrap-8257 .aio-icon-description'  data-responsive-json-new='{\"font-size\":\"\",\"line-height\":\"\"}'  style=\"\">Nous garantissons une qualit\u00e9 et une efficacit\u00e9 \u00e9lev\u00e9es, avec des produits de grandes marques.<\/div> <!-- description --><\/div> <!-- aio-ibd-block --><\/div> <!-- aio-icon-box --><\/div> <!-- aio-icon-component -->[vc_empty_space height=\u00a0\u00bb5px\u00a0\u00bb][\/vc_column][vc_column width=\u00a0\u00bb1\/3&Prime;]<div class=\"aio-icon-component  vc_custom_1613146344105  accent-icon-bg style_1\"><div id=\"Info-box-wrap-4244\" class=\"aio-icon-box left-icon\" style=\"\"  ><div class=\"aio-icon-left\"><div class=\"ult-just-icon-wrapper  \"><div class=\"align-icon\" style=\"text-align:center;\">\n<div class=\"aio-icon advanced \"  style=\"color:#ffffff;background:#ffffff;border-style:;border-color:#333333;border-width:1px;width:40px;height:40px;line-height:40px;border-radius:500px;font-size:20px;display:inline-block;\">\n\t<i class=\"icomoon-font-awesome-14x14-star\"><\/i>\n<\/div><\/div><\/div><\/div><div class=\"aio-ibd-block\"><div class=\"aio-icon-header\" ><h3 class=\"aio-icon-title ult-responsive\"  data-ultimate-target='#Info-box-wrap-4244 .aio-icon-title'  data-responsive-json-new='{\"font-size\":\"desktop:16px;\",\"line-height\":\"desktop:26px;\"}'  style=\"font-weight:bold;\">Large gamme de produits<\/h3><\/div> <!-- header --><div class=\"aio-icon-description ult-responsive\"  data-ultimate-target='#Info-box-wrap-4244 .aio-icon-description'  data-responsive-json-new='{\"font-size\":\"\",\"line-height\":\"\"}'  style=\"\">Une large gamme de produits, tous de la plus haute qualit\u00e9, sont \u00e0 la disposition de nos clients.<\/div> <!-- description --><\/div> <!-- aio-ibd-block --><\/div> <!-- aio-icon-box --><\/div> <!-- aio-icon-component -->[vc_empty_space height=\u00a0\u00bb5px\u00a0\u00bb][\/vc_column][vc_column width=\u00a0\u00bb1\/3&Prime;]<div class=\"aio-icon-component  vc_custom_1614965793066  accent-icon-bg style_1\"><div id=\"Info-box-wrap-4067\" class=\"aio-icon-box left-icon\" style=\"\"  ><div class=\"aio-icon-left\"><div class=\"ult-just-icon-wrapper  \"><div class=\"align-icon\" style=\"text-align:center;\">\n<div class=\"aio-icon advanced \"  style=\"color:#ffffff;background:#ffffff;border-style:;border-color:#333333;border-width:1px;width:40px;height:40px;line-height:40px;border-radius:500px;font-size:20px;display:inline-block;\">\n\t<i class=\"icomoon-font-awesome-14x14-thumbs-o-up\"><\/i>\n<\/div><\/div><\/div><\/div><div class=\"aio-ibd-block\"><div class=\"aio-icon-header\" ><h3 class=\"aio-icon-title ult-responsive\"  data-ultimate-target='#Info-box-wrap-4067 .aio-icon-title'  data-responsive-json-new='{\"font-size\":\"desktop:16px;\",\"line-height\":\"desktop:26px;\"}'  style=\"font-weight:bold;\">Soutien technique<\/h3><\/div> <!-- header --><div class=\"aio-icon-description ult-responsive\"  data-ultimate-target='#Info-box-wrap-4067 .aio-icon-description'  data-responsive-json-new='{\"font-size\":\"\",\"line-height\":\"\"}'  style=\"\">Contactez-nous pour tout besoin et vous serez imm\u00e9diatement pris en charge par notre personnel sp\u00e9cialis\u00e9.<\/div> <!-- description --><\/div> <!-- aio-ibd-block --><\/div> <!-- aio-icon-box --><\/div> <!-- aio-icon-component -->[vc_empty_space height=\u00a0\u00bb5px\u00a0\u00bb][\/vc_column][\/vc_row]<\/p>\n","protected":false},"excerpt":{"rendered":"<p>[vc_row][vc_column width=\u00a0\u00bb1\/2&Prime;][vc_single_image image=\u00a0\u00bb16049&Prime; img_size=\u00a0\u00bb300&#215;150&Prime; alignment=\u00a0\u00bbcenter\u00a0\u00bb onclick=\u00a0\u00bbcustom_link\u00a0\u00bb link=\u00a0\u00bbhttps:\/\/www.varriale.com\/fr\/moteurs-lombardini-marine\/generateurs-lombardini\/\u00a0\u00bb][vc_empty_space height=\u00a0\u00bb20px\u00a0\u00bb][vc_column_text] G\u00e9n\u00e9rateur Lombardini Lombardini Marine propose une large gamme de groupes \u00e9lectrog\u00e8nes silencieux, compacts et robustes \u00e9quip\u00e9s de moteurs diesel marins (LMG 4000\/6000 avec les moteurs de la s\u00e9rie LD et LMG 9000\/14000\/18000 avec les moteurs de la s\u00e9rie FOCS).[\/vc_column_text][vc_empty_space height=\u00a0\u00bb20px\u00a0\u00bb][vc_column_text][\/vc_column_text][vc_empty_space height=\u00a0\u00bb30px\u00a0\u00bb][\/vc_column][vc_column width=\u00a0\u00bb1\/2&Prime;][vc_single_image image=\u00a0\u00bb17767&Prime; img_size=\u00a0\u00bb300&#215;150&Prime; alignment=\u00a0\u00bbcenter\u00a0\u00bb onclick=\u00a0\u00bbcustom_link\u00a0\u00bb link=\u00a0\u00bbhttps:\/\/www.varriale.com\/fr\/groupes-electrogenes-kohler-sdmo\/\u00a0\u00bb][vc_empty_space&hellip;<\/p>\n","protected":false},"author":1,"featured_media":0,"parent":0,"menu_order":0,"comment_status":"closed","ping_status":"closed","template":"","meta":[],"yoast_head":"<!-- This site is optimized with the Yoast SEO plugin v15.8 - https:\/\/yoast.com\/wordpress\/plugins\/seo\/ -->\n<title>g\u00e9n\u00e9rateurs lombardini, pi\u00e8ces de rechange g\u00e9n\u00e9rateurs lombardini, lombardini groupes \u00e9lectrog\u00e8nes \u00e0 vendre, kohler g\u00e9n\u00e9rateurs fournisseurs, kohler sdmo groupes \u00e9lectrog\u00e8nes prix<\/title>\n<meta name=\"description\" content=\"lombardini g\u00e9n\u00e9rateurs , lombardini g\u00e9n\u00e9rateurs spare parts, groupes \u00e9lectrog\u00e8nes lombardini \u00e0 vendre, fournisseurs g\u00e9n\u00e9rateurs kohler, prix groupes \u00e9lectrog\u00e8nes kohler sdmo\" \/>\n<meta name=\"robots\" content=\"index, follow, max-snippet:-1, max-image-preview:large, max-video-preview:-1\" \/>\n<link rel=\"canonical\" href=\"https:\/\/www.varriale.com\/fr\/groupes-electrogenes\/\" \/>\n<meta property=\"og:locale\" content=\"fr_FR\" \/>\n<meta property=\"og:type\" content=\"article\" \/>\n<meta property=\"og:title\" content=\"g\u00e9n\u00e9rateurs lombardini, pi\u00e8ces de rechange g\u00e9n\u00e9rateurs lombardini, lombardini groupes \u00e9lectrog\u00e8nes \u00e0 vendre, kohler g\u00e9n\u00e9rateurs fournisseurs, kohler sdmo groupes \u00e9lectrog\u00e8nes prix\" \/>\n<meta property=\"og:description\" content=\"lombardini g\u00e9n\u00e9rateurs , lombardini g\u00e9n\u00e9rateurs spare parts, groupes \u00e9lectrog\u00e8nes lombardini \u00e0 vendre, fournisseurs g\u00e9n\u00e9rateurs kohler, prix groupes \u00e9lectrog\u00e8nes kohler sdmo\" \/>\n<meta property=\"og:url\" content=\"https:\/\/www.varriale.com\/fr\/groupes-electrogenes\/\" \/>\n<meta property=\"og:site_name\" content=\"Varriale\" \/>\n<meta property=\"article:modified_time\" content=\"2022-07-14T16:32:59+00:00\" \/>\n<meta name=\"twitter:card\" content=\"summary_large_image\" \/>\n<meta name=\"twitter:label1\" content=\"Est. reading time\">\n\t<meta name=\"twitter:data1\" content=\"2 minutes\">\n<script type=\"application\/ld+json\" class=\"yoast-schema-graph\">{\"@context\":\"https:\/\/schema.org\",\"@graph\":[{\"@type\":\"WebSite\",\"@id\":\"https:\/\/www.varriale.com\/fr\/#website\",\"url\":\"https:\/\/www.varriale.com\/fr\/\",\"name\":\"Varriale\",\"description\":\"Moteurs et pi\\u00e8ces d\\u00e9tach\\u00e9es\",\"potentialAction\":[{\"@type\":\"SearchAction\",\"target\":\"https:\/\/www.varriale.com\/fr\/?s={search_term_string}\",\"query-input\":\"required name=search_term_string\"}],\"inLanguage\":\"fr-FR\"},{\"@type\":\"WebPage\",\"@id\":\"https:\/\/www.varriale.com\/fr\/groupes-electrogenes\/#webpage\",\"url\":\"https:\/\/www.varriale.com\/fr\/groupes-electrogenes\/\",\"name\":\"g\\u00e9n\\u00e9rateurs lombardini, pi\\u00e8ces de rechange g\\u00e9n\\u00e9rateurs lombardini, lombardini groupes \\u00e9lectrog\\u00e8nes \\u00e0 vendre, kohler g\\u00e9n\\u00e9rateurs fournisseurs, kohler sdmo groupes \\u00e9lectrog\\u00e8nes prix\",\"isPartOf\":{\"@id\":\"https:\/\/www.varriale.com\/fr\/#website\"},\"datePublished\":\"2021-06-10T09:24:24+00:00\",\"dateModified\":\"2022-07-14T16:32:59+00:00\",\"description\":\"lombardini g\\u00e9n\\u00e9rateurs , lombardini g\\u00e9n\\u00e9rateurs spare parts, groupes \\u00e9lectrog\\u00e8nes lombardini \\u00e0 vendre, fournisseurs g\\u00e9n\\u00e9rateurs kohler, prix groupes \\u00e9lectrog\\u00e8nes kohler sdmo\",\"breadcrumb\":{\"@id\":\"https:\/\/www.varriale.com\/fr\/groupes-electrogenes\/#breadcrumb\"},\"inLanguage\":\"fr-FR\",\"potentialAction\":[{\"@type\":\"ReadAction\",\"target\":[\"https:\/\/www.varriale.com\/fr\/groupes-electrogenes\/\"]}]},{\"@type\":\"BreadcrumbList\",\"@id\":\"https:\/\/www.varriale.com\/fr\/groupes-electrogenes\/#breadcrumb\",\"itemListElement\":[{\"@type\":\"ListItem\",\"position\":1,\"item\":{\"@type\":\"WebPage\",\"@id\":\"https:\/\/www.varriale.com\/fr\/\",\"url\":\"https:\/\/www.varriale.com\/fr\/\",\"name\":\"Home\"}},{\"@type\":\"ListItem\",\"position\":2,\"item\":{\"@type\":\"WebPage\",\"@id\":\"https:\/\/www.varriale.com\/fr\/groupes-electrogenes\/\",\"url\":\"https:\/\/www.varriale.com\/fr\/groupes-electrogenes\/\",\"name\":\"Groupes \\u00e9lectrog\\u00e8nes\"}}]}]}<\/script>\n<!-- \/ Yoast SEO plugin. -->","_links":{"self":[{"href":"https:\/\/www.varriale.com\/fr\/wp-json\/wp\/v2\/pages\/17775"}],"collection":[{"href":"https:\/\/www.varriale.com\/fr\/wp-json\/wp\/v2\/pages"}],"about":[{"href":"https:\/\/www.varriale.com\/fr\/wp-json\/wp\/v2\/types\/page"}],"author":[{"embeddable":true,"href":"https:\/\/www.varriale.com\/fr\/wp-json\/wp\/v2\/users\/1"}],"replies":[{"embeddable":true,"href":"https:\/\/www.varriale.com\/fr\/wp-json\/wp\/v2\/comments?post=17775"}],"version-history":[{"count":0,"href":"https:\/\/www.varriale.com\/fr\/wp-json\/wp\/v2\/pages\/17775\/revisions"}],"wp:attachment":[{"href":"https:\/\/www.varriale.com\/fr\/wp-json\/wp\/v2\/media?parent=17775"}],"curies":[{"name":"wp","href":"https:\/\/api.w.org\/{rel}","templated":true}]}}